{"id":947,"date":"2022-04-25T13:45:27","date_gmt":"2022-04-25T13:45:27","guid":{"rendered":"http:\/\/veinsxrubi.org\/politica-de-privacitat\/"},"modified":"2022-04-25T13:45:27","modified_gmt":"2022-04-25T13:45:27","slug":"politica-de-privacitat","status":"publish","type":"page","link":"https:\/\/veinsxrubi.org\/es\/politica-de-privacitat\/","title":{"rendered":"Pol\u00edtica de privacitat"},"content":{"rendered":"<p>[et_pb_section fb_built=\u00bb1&#8243; theme_builder_area=\u00bbpost_content\u00bb _builder_version=\u00bb4.17.0&#8243; _module_preset=\u00bbdefault\u00bb][et_pb_row _builder_version=\u00bb4.17.0&#8243; _module_preset=\u00bbdefault\u00bb theme_builder_area=\u00bbpost_content\u00bb][et_pb_column _builder_version=\u00bb4.17.0&#8243; _module_preset=\u00bbdefault\u00bb type=\u00bb4_4&#8243; theme_builder_area=\u00bbpost_content\u00bb][et_pb_text _builder_version=\u00bb4.17.0&#8243; _module_preset=\u00bbdefault\u00bb theme_builder_area=\u00bbpost_content\u00bb header_font=\u00bbHenjuMedium|500|||||||\u00bb hover_enabled=\u00bb0&#8243; sticky_enabled=\u00bb0&#8243;]<\/p>\n<h1>POL\u00cdTICA DE PRIVACITAT<\/h1>\n<p>[\/et_pb_text][et_pb_text _builder_version=\u00bb4.17.0&#8243; _module_preset=\u00bbdefault\u00bb theme_builder_area=\u00bbpost_content\u00bb text_font=\u00bbHenjuLight|300|||||||\u00bb hover_enabled=\u00bb0&#8243; sticky_enabled=\u00bb0&#8243; text_font_size=\u00bb14pt\u00bb text_line_height=\u00bb21pt\u00bb]<\/p>\n<p>Tota comunicaci\u00f3 a trav\u00e9s www.veinsxrubi.org per qualsevol mitj\u00e0 o a trav\u00e9s de l&#8217;adre\u00e7a de correu electr\u00f2nic, o dels formularis presents en aquesta \u00abweb\u00bb o el seu \u00abe-mail\u00bb, suposa el consentiment per a que les seves dades personals siguin incorporades a fitxers titularitat de Ve\u00efns per Rub\u00ed., a l&#8217;adre\u00e7a:<\/p>\n<p>Avinguda Barcelona 3-5, 1-2 08191 Rub\u00ed.<\/p>\n<p>Aquestes dades seran tractades d&#8217;acord amb el disposat al Reglament 2016\/679 del Parlament Europeu.<\/p>\n<p>L\u2019interessat podr\u00e0 exercir dret d&#8217;acc\u00e9s, rectificaci\u00f3, cancel\u00b7laci\u00f3 i oposici\u00f3 en respecte a les dades personals que constin en els expressats fitxers, podent revocar el seu consentiment per escrit en qualsevol moment, mitjan\u00e7ant comunicaci\u00f3 escrita dirigida al correu electr\u00f2nic info@veinsrubi.org.<\/p>\n<p>[\/et_pb_text][\/et_pb_column][\/et_pb_row][\/et_pb_section]<\/p>\n","protected":false},"excerpt":{"rendered":"<p>POL\u00cdTICA DE PRIVACITATTota comunicaci\u00f3 a trav\u00e9s www.veinsxrubi.org per qualsevol mitj\u00e0 o a trav\u00e9s de l&#8217;adre\u00e7a de correu electr\u00f2nic, o dels formularis presents en aquesta \u00abweb\u00bb o el seu \u00abe-mail\u00bb, suposa el consentiment per a que les seves dades personals siguin incorporades a fitxers titularitat de Ve\u00efns per Rub\u00ed., a l&#8217;adre\u00e7a: Avinguda Barcelona 3-5, 1-2 08191 [&hellip;]<\/p>\n","protected":false},"author":1,"featured_media":0,"parent":0,"menu_order":0,"comment_status":"closed","ping_status":"closed","template":"","meta":{"_et_pb_use_builder":"on","_et_pb_old_content":"","_et_gb_content_width":"","inline_featured_image":false,"footnotes":""},"class_list":["post-947","page","type-page","status-publish","hentry"],"yoast_head":"<!-- This site is optimized with the Yoast SEO plugin v18.7 - https:\/\/yoast.com\/wordpress\/plugins\/seo\/ -->\n<title>Pol\u00edtica de privacitat - Ve\u00efns per Rub\u00ed<\/title>\n<meta name=\"robots\" content=\"index, follow, max-snippet:-1, max-image-preview:large, max-video-preview:-1\" \/>\n<link rel=\"canonical\" href=\"https:\/\/veinsxrubi.org\/es\/politica-de-privacitat\/\" \/>\n<meta property=\"og:locale\" content=\"es_ES\" \/>\n<meta property=\"og:type\" content=\"article\" \/>\n<meta property=\"og:title\" content=\"Pol\u00edtica de privacitat - Ve\u00efns per Rub\u00ed\" \/>\n<meta property=\"og:description\" content=\"POL\u00cdTICA DE PRIVACITATTota comunicaci\u00f3 a trav\u00e9s www.veinsxrubi.org per qualsevol mitj\u00e0 o a trav\u00e9s de l&#039;adre\u00e7a de correu electr\u00f2nic, o dels formularis presents en aquesta &quot;web&quot; o el seu &quot;e-mail&quot;, suposa el consentiment per a que les seves dades personals siguin incorporades a fitxers titularitat de Ve\u00efns per Rub\u00ed., a l&#039;adre\u00e7a: Avinguda Barcelona 3-5, 1-2 08191 [&hellip;]\" \/>\n<meta property=\"og:url\" content=\"https:\/\/veinsxrubi.org\/es\/politica-de-privacitat\/\" \/>\n<meta property=\"og:site_name\" content=\"Ve\u00efns per Rub\u00ed\" \/>\n<meta name=\"twitter:card\" content=\"summary_large_image\" \/>\n<meta name=\"twitter:label1\" content=\"Tiempo de lectura\" \/>\n\t<meta name=\"twitter:data1\" content=\"1 minuto\" \/>\n<script type=\"application\/ld+json\" class=\"yoast-schema-graph\">{\"@context\":\"https:\/\/schema.org\",\"@graph\":[{\"@type\":\"WebSite\",\"@id\":\"https:\/\/veinsxrubi.org\/#website\",\"url\":\"https:\/\/veinsxrubi.org\/\",\"name\":\"Ve\u00efns per Rub\u00ed\",\"description\":\"\",\"potentialAction\":[{\"@type\":\"SearchAction\",\"target\":{\"@type\":\"EntryPoint\",\"urlTemplate\":\"https:\/\/veinsxrubi.org\/?s={search_term_string}\"},\"query-input\":\"required name=search_term_string\"}],\"inLanguage\":\"es\"},{\"@type\":\"WebPage\",\"@id\":\"https:\/\/veinsxrubi.org\/es\/politica-de-privacitat\/#webpage\",\"url\":\"https:\/\/veinsxrubi.org\/es\/politica-de-privacitat\/\",\"name\":\"Pol\u00edtica de privacitat - Ve\u00efns per Rub\u00ed\",\"isPartOf\":{\"@id\":\"https:\/\/veinsxrubi.org\/#website\"},\"datePublished\":\"2022-04-25T13:45:27+00:00\",\"dateModified\":\"2022-04-25T13:45:27+00:00\",\"breadcrumb\":{\"@id\":\"https:\/\/veinsxrubi.org\/es\/politica-de-privacitat\/#breadcrumb\"},\"inLanguage\":\"es\",\"potentialAction\":[{\"@type\":\"ReadAction\",\"target\":[\"https:\/\/veinsxrubi.org\/es\/politica-de-privacitat\/\"]}]},{\"@type\":\"BreadcrumbList\",\"@id\":\"https:\/\/veinsxrubi.org\/es\/politica-de-privacitat\/#breadcrumb\",\"itemListElement\":[{\"@type\":\"ListItem\",\"position\":1,\"name\":\"Inici\",\"item\":\"https:\/\/veinsxrubi.org\/es\/\"},{\"@type\":\"ListItem\",\"position\":2,\"name\":\"Pol\u00edtica de privacitat\"}]}]}<\/script>\n<!-- \/ Yoast SEO plugin. -->","yoast_head_json":{"title":"Pol\u00edtica de privacitat - Ve\u00efns per Rub\u00ed","robots":{"index":"index","follow":"follow","max-snippet":"max-snippet:-1","max-image-preview":"max-image-preview:large","max-video-preview":"max-video-preview:-1"},"canonical":"https:\/\/veinsxrubi.org\/es\/politica-de-privacitat\/","og_locale":"es_ES","og_type":"article","og_title":"Pol\u00edtica de privacitat - Ve\u00efns per Rub\u00ed","og_description":"POL\u00cdTICA DE PRIVACITATTota comunicaci\u00f3 a trav\u00e9s www.veinsxrubi.org per qualsevol mitj\u00e0 o a trav\u00e9s de l'adre\u00e7a de correu electr\u00f2nic, o dels formularis presents en aquesta \"web\" o el seu \"e-mail\", suposa el consentiment per a que les seves dades personals siguin incorporades a fitxers titularitat de Ve\u00efns per Rub\u00ed., a l'adre\u00e7a: Avinguda Barcelona 3-5, 1-2 08191 [&hellip;]","og_url":"https:\/\/veinsxrubi.org\/es\/politica-de-privacitat\/","og_site_name":"Ve\u00efns per Rub\u00ed","twitter_card":"summary_large_image","twitter_misc":{"Tiempo de lectura":"1 minuto"},"schema":{"@context":"https:\/\/schema.org","@graph":[{"@type":"WebSite","@id":"https:\/\/veinsxrubi.org\/#website","url":"https:\/\/veinsxrubi.org\/","name":"Ve\u00efns per Rub\u00ed","description":"","potentialAction":[{"@type":"SearchAction","target":{"@type":"EntryPoint","urlTemplate":"https:\/\/veinsxrubi.org\/?s={search_term_string}"},"query-input":"required name=search_term_string"}],"inLanguage":"es"},{"@type":"WebPage","@id":"https:\/\/veinsxrubi.org\/es\/politica-de-privacitat\/#webpage","url":"https:\/\/veinsxrubi.org\/es\/politica-de-privacitat\/","name":"Pol\u00edtica de privacitat - Ve\u00efns per Rub\u00ed","isPartOf":{"@id":"https:\/\/veinsxrubi.org\/#website"},"datePublished":"2022-04-25T13:45:27+00:00","dateModified":"2022-04-25T13:45:27+00:00","breadcrumb":{"@id":"https:\/\/veinsxrubi.org\/es\/politica-de-privacitat\/#breadcrumb"},"inLanguage":"es","potentialAction":[{"@type":"ReadAction","target":["https:\/\/veinsxrubi.org\/es\/politica-de-privacitat\/"]}]},{"@type":"BreadcrumbList","@id":"https:\/\/veinsxrubi.org\/es\/politica-de-privacitat\/#breadcrumb","itemListElement":[{"@type":"ListItem","position":1,"name":"Inici","item":"https:\/\/veinsxrubi.org\/es\/"},{"@type":"ListItem","position":2,"name":"Pol\u00edtica de privacitat"}]}]}},"_links":{"self":[{"href":"https:\/\/veinsxrubi.org\/es\/wp-json\/wp\/v2\/pages\/947","targetHints":{"allow":["GET"]}}],"collection":[{"href":"https:\/\/veinsxrubi.org\/es\/wp-json\/wp\/v2\/pages"}],"about":[{"href":"https:\/\/veinsxrubi.org\/es\/wp-json\/wp\/v2\/types\/page"}],"author":[{"embeddable":true,"href":"https:\/\/veinsxrubi.org\/es\/wp-json\/wp\/v2\/users\/1"}],"replies":[{"embeddable":true,"href":"https:\/\/veinsxrubi.org\/es\/wp-json\/wp\/v2\/comments?post=947"}],"version-history":[{"count":0,"href":"https:\/\/veinsxrubi.org\/es\/wp-json\/wp\/v2\/pages\/947\/revisions"}],"wp:attachment":[{"href":"https:\/\/veinsxrubi.org\/es\/wp-json\/wp\/v2\/media?parent=947"}],"curies":[{"name":"wp","href":"https:\/\/api.w.org\/{rel}","templated":true}]}}