{"id":869,"date":"2022-04-12T12:10:51","date_gmt":"2022-04-12T12:10:51","guid":{"rendered":"http:\/\/veinsxrubi.org\/contacte\/"},"modified":"2024-02-28T12:51:57","modified_gmt":"2024-02-28T12:51:57","slug":"contacto","status":"publish","type":"page","link":"https:\/\/veinsxrubi.org\/es\/contacto\/","title":{"rendered":"Contacto"},"content":{"rendered":"<p>[et_pb_section fb_built=\u00bb1&#8243; specialty=\u00bbon\u00bb _builder_version=\u00bb4.17.0&#8243; _module_preset=\u00bbdefault\u00bb background_image=\u00bbhttps:\/\/veinsxrubi.org\/\/wp-content\/uploads\/2022\/04\/Group-20.jpg\u00bb inner_width=\u00bb100%\u00bb inner_max_width=\u00bb1300px\u00bb custom_padding=\u00bb5%||5%||true|false\u00bb global_colors_info=\u00bb{}\u00bb][et_pb_column type=\u00bb1_2&#8243; specialty_columns=\u00bb2&#8243; _builder_version=\u00bb4.16&#8243; custom_padding=\u00bb|||\u00bb global_colors_info=\u00bb{}\u00bb custom_padding__hover=\u00bb|||\u00bb][et_pb_row_inner custom_padding_last_edited=\u00bbon|phone\u00bb _builder_version=\u00bb4.17.0&#8243; _module_preset=\u00bbdefault\u00bb custom_padding=\u00bb35%||||false|false\u00bb custom_padding_tablet=\u00bb35%||||false|false\u00bb custom_padding_phone=\u00bb10%|5%||5%|false|true\u00bb global_colors_info=\u00bb{}\u00bb][et_pb_column_inner saved_specialty_column_type=\u00bb1_2&#8243; _builder_version=\u00bb4.17.0&#8243; _module_preset=\u00bbdefault\u00bb global_colors_info=\u00bb{}\u00bb][et_pb_text _builder_version=\u00bb4.17.0&#8243; _module_preset=\u00bbdefault\u00bb header_font=\u00bbHenjuMedium|500|||||||\u00bb header_text_color=\u00bb#FFFFFF\u00bb header_font_size=\u00bb64pt\u00bb header_font_size_tablet=\u00bb64pt\u00bb header_font_size_phone=\u00bb50px\u00bb header_font_size_last_edited=\u00bbon|phone\u00bb global_colors_info=\u00bb{}\u00bb]<\/p>\n<h1>Contacta con nosotros<\/h1>\n<p>[\/et_pb_text][\/et_pb_column_inner][\/et_pb_row_inner][et_pb_row_inner column_structure=\u00bb1_2,1_2&#8243; custom_padding_last_edited=\u00bbon|phone\u00bb _builder_version=\u00bb4.17.0&#8243; _module_preset=\u00bbdefault\u00bb custom_padding_tablet=\u00bb\u00bb custom_padding_phone=\u00bb|5%||5%|false|true\u00bb global_colors_info=\u00bb{}\u00bb][et_pb_column_inner type=\u00bb1_2&#8243; saved_specialty_column_type=\u00bb1_2&#8243; _builder_version=\u00bb4.17.0&#8243; _module_preset=\u00bbdefault\u00bb global_colors_info=\u00bb{}\u00bb][et_pb_text _builder_version=\u00bb4.17.0&#8243; _module_preset=\u00bbdefault\u00bb text_font=\u00bbHenjuMedium||||||||\u00bb text_text_color=\u00bb#FFFFFF\u00bb text_font_size=\u00bb18pt\u00bb global_colors_info=\u00bb{}\u00bb]Direcci\u00f3n[\/et_pb_text][et_pb_text _builder_version=\u00bb4.17.0&#8243; _module_preset=\u00bbdefault\u00bb text_font=\u00bbHenjuMedium||||||||\u00bb text_text_color=\u00bb#FFFFFF\u00bb text_font_size=\u00bb15pt\u00bb global_colors_info=\u00bb{}\u00bb]Avinguda Barcelona 3-5, 1-2<br \/>\n08191, Rub\u00ed[\/et_pb_text][\/et_pb_column_inner][et_pb_column_inner type=\u00bb1_2&#8243; saved_specialty_column_type=\u00bb1_2&#8243; _builder_version=\u00bb4.17.0&#8243; _module_preset=\u00bbdefault\u00bb global_colors_info=\u00bb{}\u00bb][et_pb_text _builder_version=\u00bb4.17.0&#8243; _module_preset=\u00bbdefault\u00bb text_font=\u00bbHenjuMedium||||||||\u00bb text_text_color=\u00bb#FFFFFF\u00bb text_font_size=\u00bb18pt\u00bb hover_enabled=\u00bb0&#8243; global_colors_info=\u00bb{}\u00bb sticky_enabled=\u00bb0&#8243;]Tel\u00e9fono[\/et_pb_text][et_pb_text _builder_version=\u00bb4.17.0&#8243; _module_preset=\u00bbdefault\u00bb text_font=\u00bbHenjuMedium||||||||\u00bb text_text_color=\u00bb#FFFFFF\u00bb text_font_size=\u00bb15pt\u00bb global_colors_info=\u00bb{}\u00bb]938 54 88 77[\/et_pb_text][\/et_pb_column_inner][\/et_pb_row_inner][et_pb_row_inner column_structure=\u00bb1_2,1_2&#8243; custom_padding_last_edited=\u00bbon|phone\u00bb _builder_version=\u00bb4.17.0&#8243; _module_preset=\u00bbdefault\u00bb custom_padding_tablet=\u00bb\u00bb custom_padding_phone=\u00bb|5%||5%|false|true\u00bb custom_css_main_element=\u00bbalign-content:center;||display:flex;\u00bb global_colors_info=\u00bb{}\u00bb][et_pb_column_inner type=\u00bb1_2&#8243; saved_specialty_column_type=\u00bb1_2&#8243; _builder_version=\u00bb4.17.0&#8243; _module_preset=\u00bbdefault\u00bb global_colors_info=\u00bb{}\u00bb][et_pb_text _builder_version=\u00bb4.17.0&#8243; _module_preset=\u00bbdefault\u00bb text_font=\u00bbHenjuMedium||||||||\u00bb text_text_color=\u00bb#FFFFFF\u00bb text_font_size=\u00bb18pt\u00bb global_colors_info=\u00bb{}\u00bb]Email[\/et_pb_text][et_pb_text _builder_version=\u00bb4.17.0&#8243; _module_preset=\u00bbdefault\u00bb text_font=\u00bbHenjuMedium||||||||\u00bb text_text_color=\u00bb#FFFFFF\u00bb text_font_size=\u00bb15pt\u00bb link_text_color=\u00bb#FFFFFF\u00bb global_colors_info=\u00bb{}\u00bb link_text_color__hover_enabled=\u00bbon|hover\u00bb link_text_color__hover=\u00bb#3a3a3a\u00bb]<\/p>\n<p><a href=\"mailto:info@veinsrubi.org\">info@veinsrubi.org<\/a><\/p>\n<p>[\/et_pb_text][\/et_pb_column_inner][et_pb_column_inner type=\u00bb1_2&#8243; saved_specialty_column_type=\u00bb1_2&#8243; _builder_version=\u00bb4.17.0&#8243; _module_preset=\u00bbdefault\u00bb global_colors_info=\u00bb{}\u00bb][et_pb_text _builder_version=\u00bb4.17.0&#8243; _module_preset=\u00bbdefault\u00bb text_text_color=\u00bb#FFFFFF\u00bb link_text_color=\u00bb#FFFFFF\u00bb hover_enabled=\u00bb0&#8243; link_text_color_last_edited=\u00bboff|desktop\u00bb locked=\u00bboff\u00bb global_colors_info=\u00bb{}\u00bb link_text_color__hover_enabled=\u00bbon|desktop\u00bb link_text_color__hover=\u00bb#3a3a3a\u00bb disabled_on=\u00bbon|on|on\u00bb disabled=\u00bbon\u00bb sticky_enabled=\u00bb0&#8243;]<\/p>\n<p><a href=\"https:\/\/www.facebook.com\/veinsxrubi\" target=\"_blank\" rel=\"noopener\"><span class=\"et-pb-icon spaceicon\" style=\"font-size: 33px;\">\ue0aa<\/span><\/a><a href=\"https:\/\/twitter.com\/veinsxrubi\" target=\"_blank\" rel=\"noopener\"><span class=\"et-pb-icon spaceicon\" style=\"font-size: 33px;\">\ue0ab<\/span><\/a><a href=\"https:\/\/www.instagram.com\/veinsxrubi\" target=\"_blank\" rel=\"noopener\"><span class=\"et-pb-icon spaceicon\" style=\"font-size: 33px;\">\ue0b1<\/span><\/a><\/p>\n<p>[\/et_pb_text][et_pb_social_media_follow _builder_version=\u00bb4.17.0&#8243; _module_preset=\u00bbdefault\u00bb icon_color=\u00bb#3ec86d\u00bb hover_enabled=\u00bb0&#8243; sticky_enabled=\u00bb0&#8243; locked=\u00bboff\u00bb][et_pb_social_media_follow_network social_network=\u00bbfacebook\u00bb background_color=\u00bb#FFFFFF\u00bb _builder_version=\u00bb4.17.0&#8243; _module_preset=\u00bbdefault\u00bb follow_button=\u00bboff\u00bb url_new_window=\u00bbon\u00bb url=\u00bbhttps:\/\/www.facebook.com\/veinsxrubi\u00bb hover_enabled=\u00bb0&#8243; sticky_enabled=\u00bb0&#8243; background_enable_color=\u00bbon\u00bb icon_color=\u00bb#3ec86d\u00bb border_radii=\u00bbon|25px|25px|25px|25px\u00bb]facebook[\/et_pb_social_media_follow_network][et_pb_social_media_follow_network social_network=\u00bbtwitter\u00bb background_color=\u00bb#FFFFFF\u00bb _builder_version=\u00bb4.17.0&#8243; _module_preset=\u00bbdefault\u00bb follow_button=\u00bboff\u00bb url_new_window=\u00bbon\u00bb url=\u00bbhttps:\/\/twitter.com\/veinsxrubi\u00bb hover_enabled=\u00bb0&#8243; sticky_enabled=\u00bb0&#8243; background_enable_color=\u00bbon\u00bb border_radii=\u00bbon|25px|25px|25px|25px\u00bb]twitter[\/et_pb_social_media_follow_network][et_pb_social_media_follow_network social_network=\u00bbinstagram\u00bb background_color=\u00bb#FFFFFF\u00bb _builder_version=\u00bb4.17.0&#8243; _module_preset=\u00bbdefault\u00bb follow_button=\u00bboff\u00bb url_new_window=\u00bbon\u00bb url=\u00bbhttps:\/\/www.instagram.com\/veinsxrubi\u00bb hover_enabled=\u00bb0&#8243; sticky_enabled=\u00bb0&#8243; background_enable_color=\u00bbon\u00bb border_radii=\u00bbon|25px|25px|25px|25px\u00bb]instagram[\/et_pb_social_media_follow_network][\/et_pb_social_media_follow][\/et_pb_column_inner][\/et_pb_row_inner][\/et_pb_column][et_pb_column type=\u00bb1_2&#8243; _builder_version=\u00bb4.16&#8243; custom_padding=\u00bb|||\u00bb global_colors_info=\u00bb{}\u00bb custom_padding__hover=\u00bb|||\u00bb][\/et_pb_column][\/et_pb_section][et_pb_section fb_built=\u00bb1&#8243; _builder_version=\u00bb4.17.0&#8243; _module_preset=\u00bbdefault\u00bb global_colors_info=\u00bb{}\u00bb][et_pb_row _builder_version=\u00bb4.17.0&#8243; _module_preset=\u00bbdefault\u00bb global_colors_info=\u00bb{}\u00bb][et_pb_column type=\u00bb4_4&#8243; _builder_version=\u00bb4.17.0&#8243; _module_preset=\u00bbdefault\u00bb global_colors_info=\u00bb{}\u00bb][et_pb_text _builder_version=\u00bb4.17.0&#8243; _module_preset=\u00bbdefault\u00bb text_font=\u00bbHenjuRegular||||||||\u00bb text_text_color=\u00bb#3a3a3a\u00bb text_font_size=\u00bb13pt\u00bb header_2_font=\u00bbHenjuMedium||||||||\u00bb header_2_text_color=\u00bb#3a3a3a\u00bb header_2_font_size=\u00bb36pt\u00bb text_orientation=\u00bbcenter\u00bb global_colors_info=\u00bb{}\u00bb]<\/p>\n<h2>Ponte en contacto<\/h2>\n<p>Para cualquier consulta puedes contactarnos a trav\u00e9s del siguiente formulario de contacto[\/et_pb_text][\/et_pb_column][\/et_pb_row][et_pb_row _builder_version=\u00bb4.17.0&#8243; _module_preset=\u00bbdefault\u00bb global_colors_info=\u00bb{}\u00bb][et_pb_column type=\u00bb4_4&#8243; _builder_version=\u00bb4.17.0&#8243; _module_preset=\u00bbdefault\u00bb global_colors_info=\u00bb{}\u00bb][et_pb_code _builder_version=\u00bb4.17.0&#8243; _module_preset=\u00bbdefault\u00bb global_colors_info=\u00bb{}\u00bb]<div role=\"form\" class=\"wpcf7\" id=\"wpcf7-f910-o1\" lang=\"es-ES\" dir=\"ltr\">\n<div class=\"screen-reader-response\"><p role=\"status\" aria-live=\"polite\" aria-atomic=\"true\"><\/p> <ul><\/ul><\/div>\n<form action=\"\/es\/wp-json\/wp\/v2\/pages\/869#wpcf7-f910-o1\" method=\"post\" class=\"wpcf7-form init\" novalidate=\"novalidate\" data-status=\"init\">\n<div style=\"display: none;\">\n<input type=\"hidden\" name=\"_wpcf7\" value=\"910\" \/>\n<input type=\"hidden\" name=\"_wpcf7_version\" value=\"5.5.6\" \/>\n<input type=\"hidden\" name=\"_wpcf7_locale\" value=\"es_ES\" \/>\n<input type=\"hidden\" name=\"_wpcf7_unit_tag\" value=\"wpcf7-f910-o1\" \/>\n<input type=\"hidden\" name=\"_wpcf7_container_post\" value=\"0\" \/>\n<input type=\"hidden\" name=\"_wpcf7_posted_data_hash\" value=\"\" \/>\n<input type=\"hidden\" name=\"_wpcf7_recaptcha_response\" value=\"\" \/>\n<\/div>\n<div class=\"container-fluid\">\n<div class=\"row\">\n<div class=\"col-md-6 \"><span class=\"wpcf7-form-control-wrap Nom\"><input type=\"text\" name=\"Nom\" value=\"\" size=\"40\" class=\"wpcf7-form-control wpcf7-text wpcf7-validates-as-required\" aria-required=\"true\" aria-invalid=\"false\" placeholder=\"Nombre*\" \/><\/span><\/div>\n<div class=\"col-md-6 \"><span class=\"wpcf7-form-control-wrap Cognoms\"><input type=\"text\" name=\"Cognoms\" value=\"\" size=\"40\" class=\"wpcf7-form-control wpcf7-text wpcf7-validates-as-required\" aria-required=\"true\" aria-invalid=\"false\" placeholder=\"Apellidos*\" \/><\/span><\/div>\n<\/div>\n<div class=\"row\">\n<div class=\"col-md-6 \"><span class=\"wpcf7-form-control-wrap Email\"><input type=\"email\" name=\"Email\" value=\"\" size=\"40\" class=\"wpcf7-form-control wpcf7-text wpcf7-email wpcf7-validates-as-required wpcf7-validates-as-email\" aria-required=\"true\" aria-invalid=\"false\" placeholder=\"Correo electr\u00f3nico*\" \/><\/span><\/div>\n<div class=\"col-md-6 \"><span class=\"wpcf7-form-control-wrap Assumpte\"><input type=\"text\" name=\"Assumpte\" value=\"\" size=\"40\" class=\"wpcf7-form-control wpcf7-text wpcf7-validates-as-required\" aria-required=\"true\" aria-invalid=\"false\" placeholder=\"Asunto*\" \/><\/span><\/div>\n<\/div>\n<div class=\"row\">\n<div class=\"col-md-12\"><span class=\"wpcf7-form-control-wrap Missatge\"><textarea name=\"Missatge\" cols=\"40\" rows=\"10\" class=\"wpcf7-form-control wpcf7-textarea wpcf7-validates-as-required\" aria-required=\"true\" aria-invalid=\"false\" placeholder=\"Mensaje*\"><\/textarea><\/span><\/div>\n<\/div>\n<div class=\"row\">\n<div class=\"col-md-12 \"><span class=\"wpcf7-form-control-wrap acceptance-840\"><span class=\"wpcf7-form-control wpcf7-acceptance\"><span class=\"wpcf7-list-item\"><label><input type=\"checkbox\" name=\"acceptance-840\" value=\"1\" aria-invalid=\"false\" \/><span class=\"wpcf7-list-item-label\">He le\u00eddo y acepto la <a href=\"http:\/\/veinsxrubi.org\/es\/politica-de-privacitat\/\">Pol\u00edtica de Privacidad<\/a>.<\/span><\/label><\/span><\/span><\/span><\/div>\n<div class=\"col-md-12\"><input type=\"submit\" value=\"ENVIAR\" class=\"wpcf7-form-control has-spinner wpcf7-submit custombutton\" \/><\/div>\n<\/div>\n<\/div>\n<div class=\"wpcf7-response-output\" aria-hidden=\"true\"><\/div><\/form><\/div>[\/et_pb_code][\/et_pb_column][\/et_pb_row][\/et_pb_section]<\/p>\n","protected":false},"excerpt":{"rendered":"<p>Contacta con nosotrosDirecci\u00f3nAvinguda Barcelona 3-5, 1-2 08191, Rub\u00edTel\u00e9fono938 54 88 77Emailinfo@veinsrubi.org\ue0aa\ue0ab\ue0b1facebooktwitterinstagramPonte en contacto Para cualquier consulta puedes contactarnos a trav\u00e9s del siguiente formulario de contacto<div role=\"form\" class=\"wpcf7\" id=\"wpcf7-f910-o2\" lang=\"es-ES\" dir=\"ltr\">\n<div class=\"screen-reader-response\"><p role=\"status\" aria-live=\"polite\" aria-atomic=\"true\"><\/p> <ul><\/ul><\/div>\n<form action=\"\/es\/wp-json\/wp\/v2\/pages\/869#wpcf7-f910-o2\" method=\"post\" class=\"wpcf7-form init\" novalidate=\"novalidate\" data-status=\"init\">\n<div style=\"display: none;\">\n<input type=\"hidden\" name=\"_wpcf7\" value=\"910\" \/>\n<input type=\"hidden\" name=\"_wpcf7_version\" value=\"5.5.6\" \/>\n<input type=\"hidden\" name=\"_wpcf7_locale\" value=\"es_ES\" \/>\n<input type=\"hidden\" name=\"_wpcf7_unit_tag\" value=\"wpcf7-f910-o2\" \/>\n<input type=\"hidden\" name=\"_wpcf7_container_post\" value=\"0\" \/>\n<input type=\"hidden\" name=\"_wpcf7_posted_data_hash\" value=\"\" \/>\n<input type=\"hidden\" name=\"_wpcf7_recaptcha_response\" value=\"\" \/>\n<\/div>\n<div class=\"container-fluid\">\n<div class=\"row\">\n<div class=\"col-md-6 \"><span class=\"wpcf7-form-control-wrap Nom\"><input type=\"text\" name=\"Nom\" value=\"\" size=\"40\" class=\"wpcf7-form-control wpcf7-text wpcf7-validates-as-required\" aria-required=\"true\" aria-invalid=\"false\" placeholder=\"Nombre*\" \/><\/span><\/div>\n<div class=\"col-md-6 \"><span class=\"wpcf7-form-control-wrap Cognoms\"><input type=\"text\" name=\"Cognoms\" value=\"\" size=\"40\" class=\"wpcf7-form-control wpcf7-text wpcf7-validates-as-required\" aria-required=\"true\" aria-invalid=\"false\" placeholder=\"Apellidos*\" \/><\/span><\/div>\n<\/div>\n<div class=\"row\">\n<div class=\"col-md-6 \"><span class=\"wpcf7-form-control-wrap Email\"><input type=\"email\" name=\"Email\" value=\"\" size=\"40\" class=\"wpcf7-form-control wpcf7-text wpcf7-email wpcf7-validates-as-required wpcf7-validates-as-email\" aria-required=\"true\" aria-invalid=\"false\" placeholder=\"Correo electr\u00f3nico*\" \/><\/span><\/div>\n<div class=\"col-md-6 \"><span class=\"wpcf7-form-control-wrap Assumpte\"><input type=\"text\" name=\"Assumpte\" value=\"\" size=\"40\" class=\"wpcf7-form-control wpcf7-text wpcf7-validates-as-required\" aria-required=\"true\" aria-invalid=\"false\" placeholder=\"Asunto*\" \/><\/span><\/div>\n<\/div>\n<div class=\"row\">\n<div class=\"col-md-12\"><span class=\"wpcf7-form-control-wrap Missatge\"><textarea name=\"Missatge\" cols=\"40\" rows=\"10\" class=\"wpcf7-form-control wpcf7-textarea wpcf7-validates-as-required\" aria-required=\"true\" aria-invalid=\"false\" placeholder=\"Mensaje*\"><\/textarea><\/span><\/div>\n<\/div>\n<div class=\"row\">\n<div class=\"col-md-12 \"><span class=\"wpcf7-form-control-wrap acceptance-840\"><span class=\"wpcf7-form-control wpcf7-acceptance\"><span class=\"wpcf7-list-item\"><label><input type=\"checkbox\" name=\"acceptance-840\" value=\"1\" aria-invalid=\"false\" \/><span class=\"wpcf7-list-item-label\">He le\u00eddo y acepto la <a href=\"http:\/\/veinsxrubi.org\/es\/politica-de-privacitat\/\">Pol\u00edtica de Privacidad<\/a>.<\/span><\/label><\/span><\/span><\/span><\/div>\n<div class=\"col-md-12\"><input type=\"submit\" value=\"ENVIAR\" class=\"wpcf7-form-control has-spinner wpcf7-submit custombutton\" \/><\/div>\n<\/div>\n<\/div>\n<div class=\"wpcf7-response-output\" aria-hidden=\"true\"><\/div><\/form><\/div><\/p>\n","protected":false},"author":1,"featured_media":0,"parent":0,"menu_order":0,"comment_status":"closed","ping_status":"closed","template":"","meta":{"_et_pb_use_builder":"on","_et_pb_old_content":"","_et_gb_content_width":"","inline_featured_image":false,"footnotes":""},"class_list":["post-869","page","type-page","status-publish","hentry"],"yoast_head":"<!-- This site is optimized with the Yoast SEO plugin v18.7 - https:\/\/yoast.com\/wordpress\/plugins\/seo\/ -->\n<title>Contacto - Ve\u00efns per Rub\u00ed<\/title>\n<meta name=\"robots\" content=\"index, follow, max-snippet:-1, max-image-preview:large, max-video-preview:-1\" \/>\n<link rel=\"canonical\" href=\"https:\/\/veinsxrubi.org\/contacte\/\" \/>\n<meta property=\"og:locale\" content=\"es_ES\" \/>\n<meta property=\"og:type\" content=\"article\" \/>\n<meta property=\"og:title\" content=\"Contacto - Ve\u00efns per Rub\u00ed\" \/>\n<meta property=\"og:description\" content=\"Contacta con nosotrosDirecci\u00f3nAvinguda Barcelona 3-5, 1-2 08191, Rub\u00edTel\u00e9fono938 54 88 77Emailinfo@veinsrubi.org\ue0aa\ue0ab\ue0b1facebooktwitterinstagramPonte en contacto Para cualquier consulta puedes contactarnos a trav\u00e9s del siguiente formulario de contacto\" \/>\n<meta property=\"og:url\" content=\"https:\/\/veinsxrubi.org\/contacte\/\" \/>\n<meta property=\"og:site_name\" content=\"Ve\u00efns per Rub\u00ed\" \/>\n<meta property=\"article:modified_time\" content=\"2024-02-28T12:51:57+00:00\" \/>\n<meta name=\"twitter:card\" content=\"summary_large_image\" \/>\n<meta name=\"twitter:label1\" content=\"Tiempo de lectura\" \/>\n\t<meta name=\"twitter:data1\" content=\"5 minutos\" \/>\n<script type=\"application\/ld+json\" class=\"yoast-schema-graph\">{\"@context\":\"https:\/\/schema.org\",\"@graph\":[{\"@type\":\"WebSite\",\"@id\":\"https:\/\/veinsxrubi.org\/#website\",\"url\":\"https:\/\/veinsxrubi.org\/\",\"name\":\"Ve\u00efns per Rub\u00ed\",\"description\":\"\",\"potentialAction\":[{\"@type\":\"SearchAction\",\"target\":{\"@type\":\"EntryPoint\",\"urlTemplate\":\"https:\/\/veinsxrubi.org\/?s={search_term_string}\"},\"query-input\":\"required name=search_term_string\"}],\"inLanguage\":\"es\"},{\"@type\":\"WebPage\",\"@id\":\"https:\/\/veinsxrubi.org\/contacte\/#webpage\",\"url\":\"https:\/\/veinsxrubi.org\/contacte\/\",\"name\":\"Contacto - Ve\u00efns per Rub\u00ed\",\"isPartOf\":{\"@id\":\"https:\/\/veinsxrubi.org\/#website\"},\"datePublished\":\"2022-04-12T12:10:51+00:00\",\"dateModified\":\"2024-02-28T12:51:57+00:00\",\"breadcrumb\":{\"@id\":\"https:\/\/veinsxrubi.org\/contacte\/#breadcrumb\"},\"inLanguage\":\"es\",\"potentialAction\":[{\"@type\":\"ReadAction\",\"target\":[\"https:\/\/veinsxrubi.org\/contacte\/\"]}]},{\"@type\":\"BreadcrumbList\",\"@id\":\"https:\/\/veinsxrubi.org\/contacte\/#breadcrumb\",\"itemListElement\":[{\"@type\":\"ListItem\",\"position\":1,\"name\":\"Inici\",\"item\":\"https:\/\/veinsxrubi.org\/es\/\"},{\"@type\":\"ListItem\",\"position\":2,\"name\":\"Contacto\"}]}]}<\/script>\n<!-- \/ Yoast SEO plugin. -->","yoast_head_json":{"title":"Contacto - Ve\u00efns per Rub\u00ed","robots":{"index":"index","follow":"follow","max-snippet":"max-snippet:-1","max-image-preview":"max-image-preview:large","max-video-preview":"max-video-preview:-1"},"canonical":"https:\/\/veinsxrubi.org\/contacte\/","og_locale":"es_ES","og_type":"article","og_title":"Contacto - Ve\u00efns per Rub\u00ed","og_description":"Contacta con nosotrosDirecci\u00f3nAvinguda Barcelona 3-5, 1-2 08191, Rub\u00edTel\u00e9fono938 54 88 77Emailinfo@veinsrubi.org\ue0aa\ue0ab\ue0b1facebooktwitterinstagramPonte en contacto Para cualquier consulta puedes contactarnos a trav\u00e9s del siguiente formulario de contacto","og_url":"https:\/\/veinsxrubi.org\/contacte\/","og_site_name":"Ve\u00efns per Rub\u00ed","article_modified_time":"2024-02-28T12:51:57+00:00","twitter_card":"summary_large_image","twitter_misc":{"Tiempo de lectura":"5 minutos"},"schema":{"@context":"https:\/\/schema.org","@graph":[{"@type":"WebSite","@id":"https:\/\/veinsxrubi.org\/#website","url":"https:\/\/veinsxrubi.org\/","name":"Ve\u00efns per Rub\u00ed","description":"","potentialAction":[{"@type":"SearchAction","target":{"@type":"EntryPoint","urlTemplate":"https:\/\/veinsxrubi.org\/?s={search_term_string}"},"query-input":"required name=search_term_string"}],"inLanguage":"es"},{"@type":"WebPage","@id":"https:\/\/veinsxrubi.org\/contacte\/#webpage","url":"https:\/\/veinsxrubi.org\/contacte\/","name":"Contacto - Ve\u00efns per Rub\u00ed","isPartOf":{"@id":"https:\/\/veinsxrubi.org\/#website"},"datePublished":"2022-04-12T12:10:51+00:00","dateModified":"2024-02-28T12:51:57+00:00","breadcrumb":{"@id":"https:\/\/veinsxrubi.org\/contacte\/#breadcrumb"},"inLanguage":"es","potentialAction":[{"@type":"ReadAction","target":["https:\/\/veinsxrubi.org\/contacte\/"]}]},{"@type":"BreadcrumbList","@id":"https:\/\/veinsxrubi.org\/contacte\/#breadcrumb","itemListElement":[{"@type":"ListItem","position":1,"name":"Inici","item":"https:\/\/veinsxrubi.org\/es\/"},{"@type":"ListItem","position":2,"name":"Contacto"}]}]}},"_links":{"self":[{"href":"https:\/\/veinsxrubi.org\/es\/wp-json\/wp\/v2\/pages\/869","targetHints":{"allow":["GET"]}}],"collection":[{"href":"https:\/\/veinsxrubi.org\/es\/wp-json\/wp\/v2\/pages"}],"about":[{"href":"https:\/\/veinsxrubi.org\/es\/wp-json\/wp\/v2\/types\/page"}],"author":[{"embeddable":true,"href":"https:\/\/veinsxrubi.org\/es\/wp-json\/wp\/v2\/users\/1"}],"replies":[{"embeddable":true,"href":"https:\/\/veinsxrubi.org\/es\/wp-json\/wp\/v2\/comments?post=869"}],"version-history":[{"count":4,"href":"https:\/\/veinsxrubi.org\/es\/wp-json\/wp\/v2\/pages\/869\/revisions"}],"predecessor-version":[{"id":1603,"href":"https:\/\/veinsxrubi.org\/es\/wp-json\/wp\/v2\/pages\/869\/revisions\/1603"}],"wp:attachment":[{"href":"https:\/\/veinsxrubi.org\/es\/wp-json\/wp\/v2\/media?parent=869"}],"curies":[{"name":"wp","href":"https:\/\/api.w.org\/{rel}","templated":true}]}}