{"id":857,"date":"2022-04-12T10:57:10","date_gmt":"2022-04-12T10:57:10","guid":{"rendered":"http:\/\/veinsxrubi.org\/afiliat\/"},"modified":"2024-02-29T09:23:42","modified_gmt":"2024-02-29T09:23:42","slug":"afiliate","status":"publish","type":"page","link":"https:\/\/veinsxrubi.org\/es\/afiliate\/","title":{"rendered":"Af\u00edliate"},"content":{"rendered":"<p>[et_pb_section fb_built=\u00bb1&#8243; _builder_version=\u00bb4.17.0&#8243; _module_preset=\u00bbdefault\u00bb background_image=\u00bbhttps:\/\/veinsxrubi.org\/\/wp-content\/uploads\/2022\/04\/Group-16.jpg\u00bb custom_padding=\u00bb10%||10%||true|false\u00bb global_colors_info=\u00bb{}\u00bb][et_pb_row _builder_version=\u00bb4.17.0&#8243; _module_preset=\u00bbdefault\u00bb global_colors_info=\u00bb{}\u00bb][et_pb_column type=\u00bb4_4&#8243; _builder_version=\u00bb4.17.0&#8243; _module_preset=\u00bbdefault\u00bb global_colors_info=\u00bb{}\u00bb][et_pb_text _builder_version=\u00bb4.17.0&#8243; _module_preset=\u00bbdefault\u00bb text_font=\u00bbHenjuMedium|500|||||||\u00bb text_font_size=\u00bb64pt\u00bb header_font=\u00bbHenjuMedium|500|||||||\u00bb header_text_color=\u00bb#3a3a3a\u00bb header_font_size=\u00bb64pt\u00bb text_orientation=\u00bbcenter\u00bb text_font_size_tablet=\u00bb64pt\u00bb text_font_size_phone=\u00bb60pt\u00bb text_font_size_last_edited=\u00bbon|phone\u00bb header_font_size_tablet=\u00bb64pt\u00bb header_font_size_phone=\u00bb50pt\u00bb header_font_size_last_edited=\u00bbon|phone\u00bb global_colors_info=\u00bb{}\u00bb]<\/p>\n<h1>Af\u00edliate<\/h1>\n<p>[\/et_pb_text][\/et_pb_column][\/et_pb_row][et_pb_row _builder_version=\u00bb4.17.0&#8243; _module_preset=\u00bbdefault\u00bb global_colors_info=\u00bb{}\u00bb][et_pb_column type=\u00bb4_4&#8243; _builder_version=\u00bb4.17.0&#8243; _module_preset=\u00bbdefault\u00bb global_colors_info=\u00bb{}\u00bb][et_pb_text _builder_version=\u00bb4.17.0&#8243; _module_preset=\u00bbdefault\u00bb text_font=\u00bbHenjuLight||||||||\u00bb text_text_color=\u00bb#3a3a3a\u00bb text_font_size=\u00bb14pt\u00bb text_line_height=\u00bb21pt\u00bb text_orientation=\u00bbcenter\u00bb width=\u00bb70%\u00bb width_tablet=\u00bb100%\u00bb width_phone=\u00bb100%\u00bb width_last_edited=\u00bbon|desktop\u00bb module_alignment=\u00bbcenter\u00bb global_colors_info=\u00bb{}\u00bb]Las afiliadas y afiliados pueden participar en la organizaci\u00f3n a trav\u00e9s de la Asamblea General y pueden acceder al resto de \u00f3rganos de gobierno.<\/p>\n<p>Para afiliarse a Ve\u00efns per Rub\u00ed ponte en contacto con nosotros a trav\u00e9s de nuestro mail o del siguiente formulario. Cuando recibamos tu solicitud, nos pondremos en contacto contigo.<\/p>\n<p>La cuota de afiliaci\u00f3n ordinaria es de 5 euros al mes, 2.50 euros si eres menor de 25 a\u00f1os, desempleado (debidamente acreditado), u otras condiciones a consultar.<\/p>\n<p>Aqu\u00ed tienes los formularios de afiliaci\u00f3n:[\/et_pb_text][\/et_pb_column][\/et_pb_row][et_pb_row _builder_version=\u00bb4.17.0&#8243; _module_preset=\u00bbdefault\u00bb global_colors_info=\u00bb{}\u00bb][et_pb_column type=\u00bb4_4&#8243; _builder_version=\u00bb4.17.0&#8243; _module_preset=\u00bbdefault\u00bb global_colors_info=\u00bb{}\u00bb][et_pb_text _builder_version=\u00bb4.17.0&#8243; _module_preset=\u00bbdefault\u00bb link_font=\u00bbHenjuLight|300|||on||||\u00bb link_text_align=\u00bbcenter\u00bb link_text_color=\u00bb#3ec86d\u00bb link_font_size=\u00bb14pt\u00bb link_line_height=\u00bb21pt\u00bb text_orientation=\u00bbcenter\u00bb hover_enabled=\u00bb0&#8243; global_colors_info=\u00bb{}\u00bb sticky_enabled=\u00bb0&#8243;]<a href=\"https:\/\/veinsxrubi.org\/wp-content\/uploads\/2024\/02\/FORMULARI-AFILIACIO-VR.pdf\" target=\"_blank\" rel=\"noopener\">FORMULARIO AFILIACI\u00d3N VR<\/a><\/p>\n<p><a href=\"https:\/\/veinsxrubi.org\/wp-content\/uploads\/2024\/02\/SEPA-FORMULARI-AFILIAT.pdf\" target=\"_blank\" rel=\"noopener\">SEPA FORMULARIO AFILIADO<\/a>[\/et_pb_text][\/et_pb_column][\/et_pb_row][et_pb_row _builder_version=\u00bb4.17.0&#8243; _module_preset=\u00bbdefault\u00bb global_colors_info=\u00bb{}\u00bb][et_pb_column type=\u00bb4_4&#8243; _builder_version=\u00bb4.17.0&#8243; _module_preset=\u00bbdefault\u00bb global_colors_info=\u00bb{}\u00bb][et_pb_code _builder_version=\u00bb4.17.0&#8243; _module_preset=\u00bbdefault\u00bb global_colors_info=\u00bb{}\u00bb]<div role=\"form\" class=\"wpcf7\" id=\"wpcf7-f909-o1\" lang=\"es-ES\" dir=\"ltr\">\n<div class=\"screen-reader-response\"><p role=\"status\" aria-live=\"polite\" aria-atomic=\"true\"><\/p> <ul><\/ul><\/div>\n<form action=\"\/es\/wp-json\/wp\/v2\/pages\/857#wpcf7-f909-o1\" method=\"post\" class=\"wpcf7-form init\" novalidate=\"novalidate\" data-status=\"init\">\n<div style=\"display: none;\">\n<input type=\"hidden\" name=\"_wpcf7\" value=\"909\" \/>\n<input type=\"hidden\" name=\"_wpcf7_version\" value=\"5.5.6\" \/>\n<input type=\"hidden\" name=\"_wpcf7_locale\" value=\"es_ES\" \/>\n<input type=\"hidden\" name=\"_wpcf7_unit_tag\" value=\"wpcf7-f909-o1\" \/>\n<input type=\"hidden\" name=\"_wpcf7_container_post\" value=\"0\" \/>\n<input type=\"hidden\" name=\"_wpcf7_posted_data_hash\" value=\"\" \/>\n<input type=\"hidden\" name=\"_wpcf7_recaptcha_response\" value=\"\" \/>\n<\/div>\n<div class=\"container-fluid\">\n<div class=\"row\">\n<div class=\"col-md-6 \"><span class=\"wpcf7-form-control-wrap Nom\"><input type=\"text\" name=\"Nom\" value=\"\" size=\"40\" class=\"wpcf7-form-control wpcf7-text wpcf7-validates-as-required\" aria-required=\"true\" aria-invalid=\"false\" placeholder=\"Nombre*\" \/><\/span><\/div>\n<div class=\"col-md-6 \"><span class=\"wpcf7-form-control-wrap Cognoms\"><input type=\"text\" name=\"Cognoms\" value=\"\" size=\"40\" class=\"wpcf7-form-control wpcf7-text wpcf7-validates-as-required\" aria-required=\"true\" aria-invalid=\"false\" placeholder=\"Apellidos*\" \/><\/span><\/div>\n<\/div>\n<div class=\"row\">\n<div class=\"col-md-6 \"><span class=\"wpcf7-form-control-wrap Correu\"><input type=\"email\" name=\"Correu\" value=\"\" size=\"40\" class=\"wpcf7-form-control wpcf7-text wpcf7-email wpcf7-validates-as-required wpcf7-validates-as-email\" aria-required=\"true\" aria-invalid=\"false\" placeholder=\"Correo electr\u00f3nico*\" \/><\/span><\/div>\n<div class=\"col-md-6 \"><span class=\"wpcf7-form-control-wrap Telfon\"><input type=\"tel\" name=\"Telfon\" value=\"\" size=\"40\" class=\"wpcf7-form-control wpcf7-text wpcf7-tel wpcf7-validates-as-required wpcf7-validates-as-tel\" aria-required=\"true\" aria-invalid=\"false\" placeholder=\"Tel\u00e9fono*\" \/><\/span><\/div>\n<\/div>\n<div class=\"row\">\n<div class=\"col-md-6 \"><span class=\"wpcf7-form-control-wrap Professio\"><input type=\"text\" name=\"Professio\" value=\"\" size=\"40\" class=\"wpcf7-form-control wpcf7-text wpcf7-validates-as-required\" aria-required=\"true\" aria-invalid=\"false\" placeholder=\"Profesi\u00f3n*\" \/><\/span><\/div>\n<div class=\"col-md-6 \"><span class=\"wpcf7-form-control-wrap barri\"><input type=\"text\" name=\"barri\" value=\"\" size=\"40\" class=\"wpcf7-form-control wpcf7-text wpcf7-validates-as-required\" aria-required=\"true\" aria-invalid=\"false\" placeholder=\"Barrio*\" \/><\/span><\/div>\n<\/div>\n<div class=\"row\">\n<div class=\"col-md-12 \"><span class=\"wpcf7-form-control-wrap acceptance-840\"><span class=\"wpcf7-form-control wpcf7-acceptance\"><span class=\"wpcf7-list-item\"><label><input type=\"checkbox\" name=\"acceptance-840\" value=\"1\" aria-invalid=\"false\" \/><span class=\"wpcf7-list-item-label\">He le\u00eddo y acepto la <a href=\"http:\/\/veinsxrubi.org\/es\/politica-de-privacitat\/\">Pol\u00edtica de Privacidad<\/a>.<\/span><\/label><\/span><\/span><\/span><\/div>\n<div class=\"col-md-12 \"><input type=\"submit\" value=\"Enviar\" class=\"wpcf7-form-control has-spinner wpcf7-submit\" \/><\/div>\n<\/div>\n<\/div>\n<div class=\"wpcf7-response-output\" aria-hidden=\"true\"><\/div><\/form><\/div>[\/et_pb_code][\/et_pb_column][\/et_pb_row][\/et_pb_section]<\/p>\n","protected":false},"excerpt":{"rendered":"<p>Af\u00edliateLas afiliadas y afiliados pueden participar en la organizaci\u00f3n a trav\u00e9s de la Asamblea General y pueden acceder al resto de \u00f3rganos de gobierno. Para afiliarse a Ve\u00efns per Rub\u00ed ponte en contacto con nosotros a trav\u00e9s de nuestro mail o del siguiente formulario. Cuando recibamos tu solicitud, nos pondremos en contacto contigo. La cuota [&hellip;]<\/p>\n","protected":false},"author":1,"featured_media":0,"parent":0,"menu_order":0,"comment_status":"closed","ping_status":"closed","template":"","meta":{"_et_pb_use_builder":"on","_et_pb_old_content":"","_et_gb_content_width":"","inline_featured_image":false,"footnotes":""},"class_list":["post-857","page","type-page","status-publish","hentry"],"yoast_head":"<!-- This site is optimized with the Yoast SEO plugin v18.7 - https:\/\/yoast.com\/wordpress\/plugins\/seo\/ -->\n<title>Af\u00edliate - Ve\u00efns per Rub\u00ed<\/title>\n<meta name=\"robots\" content=\"index, follow, max-snippet:-1, max-image-preview:large, max-video-preview:-1\" \/>\n<link rel=\"canonical\" href=\"https:\/\/veinsxrubi.org\/afiliat\/\" \/>\n<meta property=\"og:locale\" content=\"es_ES\" \/>\n<meta property=\"og:type\" content=\"article\" \/>\n<meta property=\"og:title\" content=\"Af\u00edliate - Ve\u00efns per Rub\u00ed\" \/>\n<meta property=\"og:description\" content=\"Af\u00edliateLas afiliadas y afiliados pueden participar en la organizaci\u00f3n a trav\u00e9s de la Asamblea General y pueden acceder al resto de \u00f3rganos de gobierno. Para afiliarse a Ve\u00efns per Rub\u00ed ponte en contacto con nosotros a trav\u00e9s de nuestro mail o del siguiente formulario. Cuando recibamos tu solicitud, nos pondremos en contacto contigo. La cuota [&hellip;]\" \/>\n<meta property=\"og:url\" content=\"https:\/\/veinsxrubi.org\/afiliat\/\" \/>\n<meta property=\"og:site_name\" content=\"Ve\u00efns per Rub\u00ed\" \/>\n<meta property=\"article:modified_time\" content=\"2024-02-29T09:23:42+00:00\" \/>\n<meta name=\"twitter:card\" content=\"summary_large_image\" \/>\n<meta name=\"twitter:label1\" content=\"Tiempo de lectura\" \/>\n\t<meta name=\"twitter:data1\" content=\"2 minutos\" \/>\n<script type=\"application\/ld+json\" class=\"yoast-schema-graph\">{\"@context\":\"https:\/\/schema.org\",\"@graph\":[{\"@type\":\"WebSite\",\"@id\":\"https:\/\/veinsxrubi.org\/#website\",\"url\":\"https:\/\/veinsxrubi.org\/\",\"name\":\"Ve\u00efns per Rub\u00ed\",\"description\":\"\",\"potentialAction\":[{\"@type\":\"SearchAction\",\"target\":{\"@type\":\"EntryPoint\",\"urlTemplate\":\"https:\/\/veinsxrubi.org\/?s={search_term_string}\"},\"query-input\":\"required name=search_term_string\"}],\"inLanguage\":\"es\"},{\"@type\":\"WebPage\",\"@id\":\"https:\/\/veinsxrubi.org\/afiliat\/#webpage\",\"url\":\"https:\/\/veinsxrubi.org\/afiliat\/\",\"name\":\"Af\u00edliate - Ve\u00efns per Rub\u00ed\",\"isPartOf\":{\"@id\":\"https:\/\/veinsxrubi.org\/#website\"},\"datePublished\":\"2022-04-12T10:57:10+00:00\",\"dateModified\":\"2024-02-29T09:23:42+00:00\",\"breadcrumb\":{\"@id\":\"https:\/\/veinsxrubi.org\/afiliat\/#breadcrumb\"},\"inLanguage\":\"es\",\"potentialAction\":[{\"@type\":\"ReadAction\",\"target\":[\"https:\/\/veinsxrubi.org\/afiliat\/\"]}]},{\"@type\":\"BreadcrumbList\",\"@id\":\"https:\/\/veinsxrubi.org\/afiliat\/#breadcrumb\",\"itemListElement\":[{\"@type\":\"ListItem\",\"position\":1,\"name\":\"Inici\",\"item\":\"https:\/\/veinsxrubi.org\/es\/\"},{\"@type\":\"ListItem\",\"position\":2,\"name\":\"Af\u00edliate\"}]}]}<\/script>\n<!-- \/ Yoast SEO plugin. -->","yoast_head_json":{"title":"Af\u00edliate - Ve\u00efns per Rub\u00ed","robots":{"index":"index","follow":"follow","max-snippet":"max-snippet:-1","max-image-preview":"max-image-preview:large","max-video-preview":"max-video-preview:-1"},"canonical":"https:\/\/veinsxrubi.org\/afiliat\/","og_locale":"es_ES","og_type":"article","og_title":"Af\u00edliate - Ve\u00efns per Rub\u00ed","og_description":"Af\u00edliateLas afiliadas y afiliados pueden participar en la organizaci\u00f3n a trav\u00e9s de la Asamblea General y pueden acceder al resto de \u00f3rganos de gobierno. Para afiliarse a Ve\u00efns per Rub\u00ed ponte en contacto con nosotros a trav\u00e9s de nuestro mail o del siguiente formulario. Cuando recibamos tu solicitud, nos pondremos en contacto contigo. La cuota [&hellip;]","og_url":"https:\/\/veinsxrubi.org\/afiliat\/","og_site_name":"Ve\u00efns per Rub\u00ed","article_modified_time":"2024-02-29T09:23:42+00:00","twitter_card":"summary_large_image","twitter_misc":{"Tiempo de lectura":"2 minutos"},"schema":{"@context":"https:\/\/schema.org","@graph":[{"@type":"WebSite","@id":"https:\/\/veinsxrubi.org\/#website","url":"https:\/\/veinsxrubi.org\/","name":"Ve\u00efns per Rub\u00ed","description":"","potentialAction":[{"@type":"SearchAction","target":{"@type":"EntryPoint","urlTemplate":"https:\/\/veinsxrubi.org\/?s={search_term_string}"},"query-input":"required name=search_term_string"}],"inLanguage":"es"},{"@type":"WebPage","@id":"https:\/\/veinsxrubi.org\/afiliat\/#webpage","url":"https:\/\/veinsxrubi.org\/afiliat\/","name":"Af\u00edliate - Ve\u00efns per Rub\u00ed","isPartOf":{"@id":"https:\/\/veinsxrubi.org\/#website"},"datePublished":"2022-04-12T10:57:10+00:00","dateModified":"2024-02-29T09:23:42+00:00","breadcrumb":{"@id":"https:\/\/veinsxrubi.org\/afiliat\/#breadcrumb"},"inLanguage":"es","potentialAction":[{"@type":"ReadAction","target":["https:\/\/veinsxrubi.org\/afiliat\/"]}]},{"@type":"BreadcrumbList","@id":"https:\/\/veinsxrubi.org\/afiliat\/#breadcrumb","itemListElement":[{"@type":"ListItem","position":1,"name":"Inici","item":"https:\/\/veinsxrubi.org\/es\/"},{"@type":"ListItem","position":2,"name":"Af\u00edliate"}]}]}},"_links":{"self":[{"href":"https:\/\/veinsxrubi.org\/es\/wp-json\/wp\/v2\/pages\/857","targetHints":{"allow":["GET"]}}],"collection":[{"href":"https:\/\/veinsxrubi.org\/es\/wp-json\/wp\/v2\/pages"}],"about":[{"href":"https:\/\/veinsxrubi.org\/es\/wp-json\/wp\/v2\/types\/page"}],"author":[{"embeddable":true,"href":"https:\/\/veinsxrubi.org\/es\/wp-json\/wp\/v2\/users\/1"}],"replies":[{"embeddable":true,"href":"https:\/\/veinsxrubi.org\/es\/wp-json\/wp\/v2\/comments?post=857"}],"version-history":[{"count":4,"href":"https:\/\/veinsxrubi.org\/es\/wp-json\/wp\/v2\/pages\/857\/revisions"}],"predecessor-version":[{"id":1702,"href":"https:\/\/veinsxrubi.org\/es\/wp-json\/wp\/v2\/pages\/857\/revisions\/1702"}],"wp:attachment":[{"href":"https:\/\/veinsxrubi.org\/es\/wp-json\/wp\/v2\/media?parent=857"}],"curies":[{"name":"wp","href":"https:\/\/api.w.org\/{rel}","templated":true}]}}