{"id":855,"date":"2022-04-12T09:00:33","date_gmt":"2022-04-12T09:00:33","guid":{"rendered":"http:\/\/veinsxrubi.org\/presentacio\/"},"modified":"2024-02-27T14:49:00","modified_gmt":"2024-02-27T14:49:00","slug":"presentacion","status":"publish","type":"page","link":"https:\/\/veinsxrubi.org\/es\/presentacion\/","title":{"rendered":"Presentaci\u00f3n"},"content":{"rendered":"<p>[et_pb_section fb_built=\u00bb1&#8243; _builder_version=\u00bb4.17.0&#8243; _module_preset=\u00bbdefault\u00bb width=\u00bb100%\u00bb max_width=\u00bb100%\u00bb custom_padding=\u00bb0px||0px||false|false\u00bb global_colors_info=\u00bb{}\u00bb][et_pb_row column_structure=\u00bb1_2,1_2&#8243; _builder_version=\u00bb4.17.0&#8243; _module_preset=\u00bbdefault\u00bb width=\u00bb100%\u00bb max_width=\u00bb85%\u00bb custom_padding=\u00bb0px||0px||false|false\u00bb global_colors_info=\u00bb{}\u00bb][et_pb_column type=\u00bb1_2&#8243; _builder_version=\u00bb4.17.0&#8243; _module_preset=\u00bbdefault\u00bb background_enable_color=\u00bboff\u00bb background_image=\u00bbhttps:\/\/veinsxrubi.org\/\/wp-content\/uploads\/2022\/04\/Rectangle-46.png\u00bb background_size=\u00bbcontain\u00bb custom_padding=\u00bb20%||20%||true|false\u00bb custom_padding_tablet=\u00bb55%||55%||true|false\u00bb custom_padding_phone=\u00bb35%||35%||true|false\u00bb custom_padding_last_edited=\u00bbon|phone\u00bb border_radii=\u00bboff||||\u00bb global_colors_info=\u00bb{}\u00bb][et_pb_text _builder_version=\u00bb4.17.0&#8243; _module_preset=\u00bbdefault\u00bb text_font=\u00bbHenjuMedium||||||||\u00bb text_text_color=\u00bb#FFFFFF\u00bb text_font_size=\u00bb48pt\u00bb text_line_height=\u00bb50pt\u00bb text_orientation=\u00bbcenter\u00bb width=\u00bb70%\u00bb width_tablet=\u00bb100%\u00bb width_phone=\u00bb75%\u00bb width_last_edited=\u00bbon|tablet\u00bb module_alignment=\u00bbcenter\u00bb text_font_size_tablet=\u00bb38pt\u00bb text_font_size_phone=\u00bb26pt\u00bb text_font_size_last_edited=\u00bbon|tablet\u00bb text_line_height_tablet=\u00bb50pt\u00bb text_line_height_phone=\u00bb35pt\u00bb text_line_height_last_edited=\u00bbon|phone\u00bb global_colors_info=\u00bb{}\u00bb]Hola, somos vecinos de Rub\u00ed, como t\u00fa.[\/et_pb_text][\/et_pb_column][et_pb_column type=\u00bb1_2&#8243; _builder_version=\u00bb4.17.0&#8243; _module_preset=\u00bbdefault\u00bb custom_padding=\u00bb8%||||false|false\u00bb global_colors_info=\u00bb{}\u00bb][et_pb_text _builder_version=\u00bb4.17.0&#8243; _module_preset=\u00bbdefault\u00bb header_font=\u00bbHenjuMedium|500|||||||\u00bb header_text_color=\u00bb#3a3a3a\u00bb header_font_size=\u00bb55pt\u00bb header_font_size_tablet=\u00bb64pt\u00bb header_font_size_phone=\u00bb40pt\u00bb header_font_size_last_edited=\u00bbon|phone\u00bb global_colors_info=\u00bb{}\u00bb]<\/p>\n<h1>Presentaci\u00f3n<\/h1>\n<p>[\/et_pb_text][et_pb_text _builder_version=\u00bb4.17.0&#8243; _module_preset=\u00bbdefault\u00bb text_font=\u00bbHenjuLight|300|||||||\u00bb text_text_color=\u00bb#3a3a3a\u00bb text_font_size=\u00bb12pt\u00bb text_line_height=\u00bb21pt\u00bb hover_enabled=\u00bb0&#8243; global_colors_info=\u00bb{}\u00bb sticky_enabled=\u00bb0&#8243;]<\/p>\n<p>Somos una organizaci\u00f3n pol\u00edtica que naci\u00f3 como Asociaci\u00f3n en 2014 y que se constituy\u00f3 como partido pol\u00edtico en el mes de febrero de 2015, tres meses antes de las elecciones municipales de 2015.<\/p>\n<p>Somos un grupo de vecinas y vecinos que, cansados de las din\u00e1micas de los partidos pol\u00edticos tradicionales que han gobernado Rub\u00ed o han apoyado a los diferentes gobiernos, hemos decidido dar un paso adelante para defender los intereses de nuestra ciudad, de nuestros vecinos, sin depender de decisiones pol\u00edticas de \u00e1mbito supramunicipal ni de intereses de partido, que provienen de Barcelona o Madrid.<\/p>\n<p>[\/et_pb_text][\/et_pb_column][\/et_pb_row][\/et_pb_section][et_pb_section fb_built=\u00bb1&#8243; custom_padding_last_edited=\u00bbon|phone\u00bb _builder_version=\u00bb4.17.0&#8243; _module_preset=\u00bbdefault\u00bb z_index=\u00bb2&#8243; width=\u00bb100%\u00bb max_width=\u00bb100%\u00bb custom_margin=\u00bb||||false|false\u00bb custom_padding=\u00bb0px||10%||false|false\u00bb custom_padding_tablet=\u00bb0px||10%||false|false\u00bb custom_padding_phone=\u00bb40px||||false|false\u00bb global_colors_info=\u00bb{}\u00bb][et_pb_row _builder_version=\u00bb4.17.0&#8243; _module_preset=\u00bbdefault\u00bb width=\u00bb100%\u00bb max_width=\u00bb100%\u00bb custom_padding=\u00bb0px||0px||false|false\u00bb global_colors_info=\u00bb{}\u00bb][et_pb_column type=\u00bb4_4&#8243; _builder_version=\u00bb4.17.0&#8243; _module_preset=\u00bbdefault\u00bb global_colors_info=\u00bb{}\u00bb][et_pb_image src=\u00bbhttps:\/\/veinsxrubi.org\/wp-content\/uploads\/2024\/02\/DSC8807_low_Cuted.jpg\u00bb title_text=\u00bb_DSC8807_low_Cuted\u00bb force_fullwidth=\u00bbon\u00bb _builder_version=\u00bb4.17.0&#8243; _module_preset=\u00bbdefault\u00bb hover_enabled=\u00bb0&#8243; global_colors_info=\u00bb{}\u00bb sticky_enabled=\u00bb0&#8243;][\/et_pb_image][\/et_pb_column][\/et_pb_row][\/et_pb_section]<\/p>\n","protected":false},"excerpt":{"rendered":"<p>Hola, somos vecinos de Rub\u00ed, como t\u00fa.Presentaci\u00f3nSomos una organizaci\u00f3n pol\u00edtica que naci\u00f3 como Asociaci\u00f3n en 2014 y que se constituy\u00f3 como partido pol\u00edtico en el mes de febrero de 2015, tres meses antes de las elecciones municipales de 2015. Somos un grupo de vecinas y vecinos que, cansados de las din\u00e1micas de los partidos pol\u00edticos [&hellip;]<\/p>\n","protected":false},"author":1,"featured_media":0,"parent":0,"menu_order":0,"comment_status":"closed","ping_status":"closed","template":"","meta":{"_et_pb_use_builder":"on","_et_pb_old_content":"","_et_gb_content_width":"","inline_featured_image":false,"footnotes":""},"class_list":["post-855","page","type-page","status-publish","hentry"],"yoast_head":"<!-- This site is optimized with the Yoast SEO plugin v18.7 - https:\/\/yoast.com\/wordpress\/plugins\/seo\/ -->\n<title>Presentaci\u00f3n - Ve\u00efns per Rub\u00ed<\/title>\n<meta name=\"robots\" content=\"index, follow, max-snippet:-1, max-image-preview:large, max-video-preview:-1\" \/>\n<link rel=\"canonical\" href=\"https:\/\/veinsxrubi.org\/presentacio\/\" \/>\n<meta property=\"og:locale\" content=\"es_ES\" \/>\n<meta property=\"og:type\" content=\"article\" \/>\n<meta property=\"og:title\" content=\"Presentaci\u00f3n - Ve\u00efns per Rub\u00ed\" \/>\n<meta property=\"og:description\" content=\"Hola, somos vecinos de Rub\u00ed, como t\u00fa.Presentaci\u00f3nSomos una organizaci\u00f3n pol\u00edtica que naci\u00f3 como Asociaci\u00f3n en 2014 y que se constituy\u00f3 como partido pol\u00edtico en el mes de febrero de 2015, tres meses antes de las elecciones municipales de 2015. Somos un grupo de vecinas y vecinos que, cansados de las din\u00e1micas de los partidos pol\u00edticos [&hellip;]\" \/>\n<meta property=\"og:url\" content=\"https:\/\/veinsxrubi.org\/presentacio\/\" \/>\n<meta property=\"og:site_name\" content=\"Ve\u00efns per Rub\u00ed\" \/>\n<meta property=\"article:modified_time\" content=\"2024-02-27T14:49:00+00:00\" \/>\n<meta name=\"twitter:card\" content=\"summary_large_image\" \/>\n<meta name=\"twitter:label1\" content=\"Tiempo de lectura\" \/>\n\t<meta name=\"twitter:data1\" content=\"3 minutos\" \/>\n<script type=\"application\/ld+json\" class=\"yoast-schema-graph\">{\"@context\":\"https:\/\/schema.org\",\"@graph\":[{\"@type\":\"WebSite\",\"@id\":\"https:\/\/veinsxrubi.org\/#website\",\"url\":\"https:\/\/veinsxrubi.org\/\",\"name\":\"Ve\u00efns per Rub\u00ed\",\"description\":\"\",\"potentialAction\":[{\"@type\":\"SearchAction\",\"target\":{\"@type\":\"EntryPoint\",\"urlTemplate\":\"https:\/\/veinsxrubi.org\/?s={search_term_string}\"},\"query-input\":\"required name=search_term_string\"}],\"inLanguage\":\"es\"},{\"@type\":\"WebPage\",\"@id\":\"https:\/\/veinsxrubi.org\/presentacio\/#webpage\",\"url\":\"https:\/\/veinsxrubi.org\/presentacio\/\",\"name\":\"Presentaci\u00f3n - Ve\u00efns per Rub\u00ed\",\"isPartOf\":{\"@id\":\"https:\/\/veinsxrubi.org\/#website\"},\"datePublished\":\"2022-04-12T09:00:33+00:00\",\"dateModified\":\"2024-02-27T14:49:00+00:00\",\"breadcrumb\":{\"@id\":\"https:\/\/veinsxrubi.org\/presentacio\/#breadcrumb\"},\"inLanguage\":\"es\",\"potentialAction\":[{\"@type\":\"ReadAction\",\"target\":[\"https:\/\/veinsxrubi.org\/presentacio\/\"]}]},{\"@type\":\"BreadcrumbList\",\"@id\":\"https:\/\/veinsxrubi.org\/presentacio\/#breadcrumb\",\"itemListElement\":[{\"@type\":\"ListItem\",\"position\":1,\"name\":\"Inici\",\"item\":\"https:\/\/veinsxrubi.org\/es\/\"},{\"@type\":\"ListItem\",\"position\":2,\"name\":\"Presentaci\u00f3n\"}]}]}<\/script>\n<!-- \/ Yoast SEO plugin. -->","yoast_head_json":{"title":"Presentaci\u00f3n - Ve\u00efns per Rub\u00ed","robots":{"index":"index","follow":"follow","max-snippet":"max-snippet:-1","max-image-preview":"max-image-preview:large","max-video-preview":"max-video-preview:-1"},"canonical":"https:\/\/veinsxrubi.org\/presentacio\/","og_locale":"es_ES","og_type":"article","og_title":"Presentaci\u00f3n - Ve\u00efns per Rub\u00ed","og_description":"Hola, somos vecinos de Rub\u00ed, como t\u00fa.Presentaci\u00f3nSomos una organizaci\u00f3n pol\u00edtica que naci\u00f3 como Asociaci\u00f3n en 2014 y que se constituy\u00f3 como partido pol\u00edtico en el mes de febrero de 2015, tres meses antes de las elecciones municipales de 2015. Somos un grupo de vecinas y vecinos que, cansados de las din\u00e1micas de los partidos pol\u00edticos [&hellip;]","og_url":"https:\/\/veinsxrubi.org\/presentacio\/","og_site_name":"Ve\u00efns per Rub\u00ed","article_modified_time":"2024-02-27T14:49:00+00:00","twitter_card":"summary_large_image","twitter_misc":{"Tiempo de lectura":"3 minutos"},"schema":{"@context":"https:\/\/schema.org","@graph":[{"@type":"WebSite","@id":"https:\/\/veinsxrubi.org\/#website","url":"https:\/\/veinsxrubi.org\/","name":"Ve\u00efns per Rub\u00ed","description":"","potentialAction":[{"@type":"SearchAction","target":{"@type":"EntryPoint","urlTemplate":"https:\/\/veinsxrubi.org\/?s={search_term_string}"},"query-input":"required name=search_term_string"}],"inLanguage":"es"},{"@type":"WebPage","@id":"https:\/\/veinsxrubi.org\/presentacio\/#webpage","url":"https:\/\/veinsxrubi.org\/presentacio\/","name":"Presentaci\u00f3n - Ve\u00efns per Rub\u00ed","isPartOf":{"@id":"https:\/\/veinsxrubi.org\/#website"},"datePublished":"2022-04-12T09:00:33+00:00","dateModified":"2024-02-27T14:49:00+00:00","breadcrumb":{"@id":"https:\/\/veinsxrubi.org\/presentacio\/#breadcrumb"},"inLanguage":"es","potentialAction":[{"@type":"ReadAction","target":["https:\/\/veinsxrubi.org\/presentacio\/"]}]},{"@type":"BreadcrumbList","@id":"https:\/\/veinsxrubi.org\/presentacio\/#breadcrumb","itemListElement":[{"@type":"ListItem","position":1,"name":"Inici","item":"https:\/\/veinsxrubi.org\/es\/"},{"@type":"ListItem","position":2,"name":"Presentaci\u00f3n"}]}]}},"_links":{"self":[{"href":"https:\/\/veinsxrubi.org\/es\/wp-json\/wp\/v2\/pages\/855","targetHints":{"allow":["GET"]}}],"collection":[{"href":"https:\/\/veinsxrubi.org\/es\/wp-json\/wp\/v2\/pages"}],"about":[{"href":"https:\/\/veinsxrubi.org\/es\/wp-json\/wp\/v2\/types\/page"}],"author":[{"embeddable":true,"href":"https:\/\/veinsxrubi.org\/es\/wp-json\/wp\/v2\/users\/1"}],"replies":[{"embeddable":true,"href":"https:\/\/veinsxrubi.org\/es\/wp-json\/wp\/v2\/comments?post=855"}],"version-history":[{"count":4,"href":"https:\/\/veinsxrubi.org\/es\/wp-json\/wp\/v2\/pages\/855\/revisions"}],"predecessor-version":[{"id":1552,"href":"https:\/\/veinsxrubi.org\/es\/wp-json\/wp\/v2\/pages\/855\/revisions\/1552"}],"wp:attachment":[{"href":"https:\/\/veinsxrubi.org\/es\/wp-json\/wp\/v2\/media?parent=855"}],"curies":[{"name":"wp","href":"https:\/\/api.w.org\/{rel}","templated":true}]}}