{"id":853,"date":"2022-04-12T08:29:14","date_gmt":"2022-04-12T08:29:14","guid":{"rendered":"http:\/\/veinsxrubi.org\/manifest\/"},"modified":"2022-04-27T16:05:34","modified_gmt":"2022-04-27T16:05:34","slug":"manifiesto","status":"publish","type":"page","link":"https:\/\/veinsxrubi.org\/es\/manifiesto\/","title":{"rendered":"Manifiesto"},"content":{"rendered":"<p>[et_pb_section fb_built=\u00bb1&#8243; make_equal=\u00bbon\u00bb use_custom_gutter=\u00bbon\u00bb gutter_width=\u00bb1&#8243; specialty=\u00bbon\u00bb background_color_2=\u00bb#ffffff\u00bb bg_img_1=\u00bbhttps:\/\/veinsxrubi.org\/\/wp-content\/uploads\/2022\/04\/Rectangle-4221.jpg\u00bb background_size_1=\u00bbstretch\u00bb admin_label=\u00bbHeader\u00bb _builder_version=\u00bb4.17.0&#8243; _module_preset=\u00bbdefault\u00bb use_background_color_gradient=\u00bbon\u00bb background_color_gradient_stops=\u00bb#3ec86d 0%|#3ec86d 50%|#ffffff 50%\u00bb custom_padding=\u00bb0px||0px|||\u00bb hover_enabled=\u00bb0&#8243; global_colors_info=\u00bb{}\u00bb disabled_on=\u00bbon|on|off\u00bb sticky_enabled=\u00bb0&#8243;][et_pb_column type=\u00bb1_3&#8243; _builder_version=\u00bb4.16&#8243; _module_preset=\u00bbdefault\u00bb custom_padding=\u00bb|||\u00bb global_colors_info=\u00bb{}\u00bb custom_padding__hover=\u00bb|||\u00bb][et_pb_divider show_divider=\u00bboff\u00bb _builder_version=\u00bb4.17.0&#8243; _module_preset=\u00bbdefault\u00bb height=\u00bb0px\u00bb height_tablet=\u00bb20vw\u00bb height_phone=\u00bb20vw\u00bb height_last_edited=\u00bbon|phone\u00bb global_colors_info=\u00bb{}\u00bb][\/et_pb_divider][\/et_pb_column][et_pb_column type=\u00bb2_3&#8243; specialty_columns=\u00bb2&#8243; _builder_version=\u00bb4.16&#8243; _module_preset=\u00bbdefault\u00bb custom_padding=\u00bb|||\u00bb global_colors_info=\u00bb{}\u00bb custom_padding__hover=\u00bb|||\u00bb][et_pb_row_inner custom_padding_last_edited=\u00bbon|tablet\u00bb _builder_version=\u00bb4.16&#8243; _module_preset=\u00bbdefault\u00bb z_index=\u00bb10&#8243; custom_padding=\u00bb6vw|60px|6vw|60px|true|true\u00bb custom_padding_tablet=\u00bb|40px|8vw|40px|false|true\u00bb custom_padding_phone=\u00bb|20px||20px|false|true\u00bb box_shadow_style=\u00bbpreset4&#8243; box_shadow_horizontal=\u00bb30vw\u00bb box_shadow_vertical=\u00bb0px\u00bb box_shadow_color=\u00bb#ffffff\u00bb global_colors_info=\u00bb{}\u00bb][et_pb_column_inner saved_specialty_column_type=\u00bb2_3&#8243; _builder_version=\u00bb4.16&#8243; _module_preset=\u00bbdefault\u00bb global_colors_info=\u00bb{}\u00bb][et_pb_text _builder_version=\u00bb4.17.0&#8243; _module_preset=\u00bbdefault\u00bb text_font=\u00bbCabin||||||||\u00bb text_text_color=\u00bbrgba(85,101,112,0.8)\u00bb text_font_size=\u00bb16px\u00bb text_line_height=\u00bb1.8em\u00bb header_font=\u00bbHenjuMedium|500|||||||\u00bb header_text_color=\u00bb#3a3a3a\u00bb header_font_size=\u00bb66px\u00bb header_line_height=\u00bb1.1em\u00bb header_3_font=\u00bbCabin|700||on|||||\u00bb header_3_text_color=\u00bb#bd8f52&#8243; header_3_font_size=\u00bb13px\u00bb header_3_letter_spacing=\u00bb3px\u00bb header_3_line_height=\u00bb1.4em\u00bb max_width=\u00bb36vw\u00bb max_width_tablet=\u00bb90%\u00bb max_width_phone=\u00bb100%\u00bb max_width_last_edited=\u00bbon|tablet\u00bb custom_margin=\u00bb||||false|false\u00bb text_font_size_tablet=\u00bb15px\u00bb text_font_size_phone=\u00bb14px\u00bb text_font_size_last_edited=\u00bbon|phone\u00bb header_font_size_tablet=\u00bb52px\u00bb header_font_size_phone=\u00bb38px\u00bb header_font_size_last_edited=\u00bbon|desktop\u00bb locked=\u00bboff\u00bb global_colors_info=\u00bb{}\u00bb]<\/p>\n<h1>Manifiesto<\/h1>\n<p>[\/et_pb_text][et_pb_image src=\u00bbhttps:\/\/veinsxrubi.org\/\/wp-content\/uploads\/2022\/04\/logotip-veinsrubi_verd.svg\u00bb title_text=\u00bblogotip-veinsrubi_verd\u00bb _builder_version=\u00bb4.17.0&#8243; _module_preset=\u00bbdefault\u00bb width=\u00bb50%\u00bb custom_margin=\u00bb|||50%|false|false\u00bb global_colors_info=\u00bb{}\u00bb][\/et_pb_image][\/et_pb_column_inner][\/et_pb_row_inner][et_pb_row_inner make_equal=\u00bbon\u00bb _builder_version=\u00bb4.16&#8243; _module_preset=\u00bbdefault\u00bb custom_padding=\u00bb0px||0px||true|false\u00bb global_colors_info=\u00bb{}\u00bb][et_pb_column_inner saved_specialty_column_type=\u00bb2_3&#8243; _builder_version=\u00bb4.16&#8243; _module_preset=\u00bbdefault\u00bb global_colors_info=\u00bb{}\u00bb][et_pb_button button_text=\u00bbMake a Reservation\u00bb button_alignment=\u00bbleft\u00bb _builder_version=\u00bb4.17.0&#8243; _module_preset=\u00bbdefault\u00bb custom_button=\u00bbon\u00bb button_text_size=\u00bb16px\u00bb button_text_color=\u00bb#3ec86d\u00bb button_bg_color=\u00bb#3ec86d\u00bb button_border_width=\u00bb0px\u00bb button_border_radius=\u00bb0px\u00bb button_letter_spacing=\u00bb1px\u00bb button_font=\u00bbCabin|700||on|||||\u00bb background_layout=\u00bbdark\u00bb custom_padding=\u00bb104px|20px|32px|20px|false|true\u00bb custom_padding_tablet=\u00bb56px||56px||true|true\u00bb custom_padding_phone=\u00bb24px||24px||true|true\u00bb custom_padding_last_edited=\u00bbon|phone\u00bb global_colors_info=\u00bb{}\u00bb][\/et_pb_button][\/et_pb_column_inner][\/et_pb_row_inner][\/et_pb_column][\/et_pb_section][et_pb_section fb_built=\u00bb1&#8243; admin_label=\u00bbSection\u00bb _builder_version=\u00bb4.17.0&#8243; _module_preset=\u00bbdefault\u00bb custom_padding=\u00bb||0px|||\u00bb hover_enabled=\u00bb0&#8243; global_colors_info=\u00bb{}\u00bb disabled_on=\u00bboff|off|on\u00bb sticky_enabled=\u00bb0&#8243;][et_pb_row _builder_version=\u00bb4.17.0&#8243; _module_preset=\u00bbdefault\u00bb][et_pb_column _builder_version=\u00bb4.17.0&#8243; _module_preset=\u00bbdefault\u00bb type=\u00bb4_4&#8243;][et_pb_text _builder_version=\u00bb4.17.0&#8243; _module_preset=\u00bbdefault\u00bb text_font=\u00bbCabin||||||||\u00bb text_text_color=\u00bbrgba(85,101,112,0.8)\u00bb text_font_size=\u00bb16px\u00bb text_line_height=\u00bb1.8em\u00bb header_font=\u00bbHenjuMedium|500|||||||\u00bb header_text_color=\u00bb#3a3a3a\u00bb header_font_size=\u00bb66px\u00bb header_line_height=\u00bb1.1em\u00bb header_3_font=\u00bbCabin|700||on|||||\u00bb header_3_text_color=\u00bb#bd8f52&#8243; header_3_font_size=\u00bb13px\u00bb header_3_letter_spacing=\u00bb3px\u00bb header_3_line_height=\u00bb1.4em\u00bb max_width=\u00bb36vw\u00bb max_width_tablet=\u00bb90%\u00bb max_width_phone=\u00bb100%\u00bb max_width_last_edited=\u00bbon|tablet\u00bb custom_margin=\u00bb||||false|false\u00bb text_font_size_tablet=\u00bb15px\u00bb text_font_size_phone=\u00bb14px\u00bb text_font_size_last_edited=\u00bbon|phone\u00bb header_font_size_tablet=\u00bb52px\u00bb header_font_size_phone=\u00bb38px\u00bb header_font_size_last_edited=\u00bbon|desktop\u00bb locked=\u00bboff\u00bb global_colors_info=\u00bb{}\u00bb]<\/p>\n<h1>Manifiesto<\/h1>\n<p>[\/et_pb_text][et_pb_image src=\u00bbhttp:\/\/veinsxrubi.org\/wp-content\/uploads\/2022\/04\/Rectangle-4221.jpg\u00bb _builder_version=\u00bb4.17.0&#8243; _module_preset=\u00bbdefault\u00bb theme_builder_area=\u00bbpost_content\u00bb title_text=\u00bbRectangle 4221&#8243; align=\u00bbcenter\u00bb hover_enabled=\u00bb0&#8243; sticky_enabled=\u00bb0&#8243;][\/et_pb_image][\/et_pb_column][\/et_pb_row][\/et_pb_section][et_pb_section fb_built=\u00bb1&#8243; admin_label=\u00bbAbout\u00bb _builder_version=\u00bb4.16&#8243; _module_preset=\u00bbdefault\u00bb global_colors_info=\u00bb{}\u00bb][et_pb_row _builder_version=\u00bb4.16&#8243; _module_preset=\u00bbdefault\u00bb custom_padding=\u00bb0px|||||\u00bb global_colors_info=\u00bb{}\u00bb][et_pb_column type=\u00bb4_4&#8243; _builder_version=\u00bb4.16&#8243; _module_preset=\u00bbdefault\u00bb global_colors_info=\u00bb{}\u00bb][et_pb_text _builder_version=\u00bb4.17.0&#8243; _module_preset=\u00bbdefault\u00bb text_font=\u00bbCabin||||||||\u00bb text_text_color=\u00bbrgba(85,101,112,0.8)\u00bb text_font_size=\u00bb16px\u00bb text_line_height=\u00bb1.8em\u00bb header_2_font=\u00bbHenjuMedium|500|||||||\u00bb header_2_text_color=\u00bb#3a3a3a\u00bb header_2_font_size=\u00bb35pt\u00bb header_2_line_height=\u00bb30pt\u00bb header_3_font=\u00bbCabin|700||on|||||\u00bb header_3_text_color=\u00bb#bd8f52&#8243; header_3_font_size=\u00bb13px\u00bb header_3_letter_spacing=\u00bb3px\u00bb header_3_line_height=\u00bb1.4em\u00bb max_width_tablet=\u00bb90%\u00bb max_width_phone=\u00bb100%\u00bb max_width_last_edited=\u00bboff|desktop\u00bb custom_margin=\u00bb||2vw||false|false\u00bb text_font_size_tablet=\u00bb15px\u00bb text_font_size_phone=\u00bb14px\u00bb text_font_size_last_edited=\u00bbon|phone\u00bb header_2_font_size_tablet=\u00bb44px\u00bb header_2_font_size_phone=\u00bb32px\u00bb header_2_font_size_last_edited=\u00bbon|tablet\u00bb locked=\u00bboff\u00bb global_colors_info=\u00bb{}\u00bb]<\/p>\n<h2>MANIFIESTO FUNDACIONAL (Marzo de 2015)<\/h2>\n<p>[\/et_pb_text][\/et_pb_column][\/et_pb_row][et_pb_row column_structure=\u00bb1_2,1_2&#8243; _builder_version=\u00bb4.17.0&#8243; _module_preset=\u00bbdefault\u00bb custom_padding=\u00bb0px|||||\u00bb global_colors_info=\u00bb{}\u00bb][et_pb_column type=\u00bb1_2&#8243; _builder_version=\u00bb4.16&#8243; _module_preset=\u00bbdefault\u00bb global_colors_info=\u00bb{}\u00bb][et_pb_text _builder_version=\u00bb4.17.0&#8243; _module_preset=\u00bbdefault\u00bb text_font=\u00bbHenjuLight||||||||\u00bb text_text_color=\u00bb#3a3a3a\u00bb text_font_size=\u00bb14pt\u00bb text_line_height=\u00bb21pt\u00bb header_2_font=\u00bbPlayfair Display|700|||||||\u00bb header_2_text_color=\u00bb#002d4c\u00bb header_2_font_size=\u00bb56px\u00bb header_2_line_height=\u00bb1.1em\u00bb header_3_font=\u00bbCabin|700||on|||||\u00bb header_3_text_color=\u00bb#bd8f52&#8243; header_3_font_size=\u00bb13px\u00bb header_3_letter_spacing=\u00bb3px\u00bb header_3_line_height=\u00bb1.4em\u00bb max_width_tablet=\u00bb90%\u00bb max_width_phone=\u00bb100%\u00bb max_width_last_edited=\u00bboff|desktop\u00bb custom_margin=\u00bb||2vw||false|false\u00bb text_font_size_tablet=\u00bb15px\u00bb text_font_size_phone=\u00bb14px\u00bb text_font_size_last_edited=\u00bbon|phone\u00bb header_2_font_size_tablet=\u00bb44px\u00bb header_2_font_size_phone=\u00bb32px\u00bb header_2_font_size_last_edited=\u00bbon|tablet\u00bb locked=\u00bboff\u00bb global_colors_info=\u00bb{}\u00bb]En los \u00faltimos a\u00f1os, dentro del contexto de crisis econ\u00f3mica que estamos padeciendo, hemos visto como la vieja pol\u00edtica se ha mostrado incapaz de solucionar los problemas m\u00e1s b\u00e1sicos de los ciudadanos, y se ha producido un alejamiento paulatino de los vecinos por parte de la clase pol\u00edtica profesionalizada de nuestros Ayuntamientos, y el caso de Rub\u00ed no es una excepci\u00f3n. El poder municipal se ha convertido en una suerte de reparto de sillones para perpetuarse en el poder, ya sea en el gobierno, o en una oposici\u00f3n acomodada a las circunstancias electorales.<\/p>\n<p>Despu\u00e9s de 36 a\u00f1os de democracia, hemos visto pasar por el gobierno municipal a dos partidos con mayor\u00edas amplias, apoyados puntualmente por otras dos formaciones pol\u00edticas m\u00e1s. En estos a\u00f1os ha habido \u00e9pocas de bonanza econ\u00f3mica y \u00e9pocas de crisis, siendo esta \u00faltima, la llamada Gran Recesi\u00f3n, el punto de inflexi\u00f3n entre la vieja pol\u00edtica de partido y las necesidades reales de una poblaci\u00f3n que siente cada vez un mayor desapego a estas formaciones. Prueba de ello, fue la participaci\u00f3n inferior a un 47 % en las \u00faltimas elecciones municipales de 2011.<\/p>\n<p>Es por ello que un grupo de vecinos de este municipio, sin pasado pol\u00edtico, con profesiones diversas, con experiencia profesional previa no vinculada a la pol\u00edtica, creemos que la pol\u00edtica tiene que salir de los despachos y tiene que partir de la ciudadan\u00eda, desde un proyecto pol\u00edtico que nazca de ella, un proyecto estrictamente local, para solucionar los problemas directos de los vecinos.<\/p>\n<p>Esta Plataforma pretende ser referente en el gobierno del municipio, para promover la participaci\u00f3n activa y real de los vecinos de Rub\u00ed en las instituciones representativas de car\u00e1cter pol\u00edtico. Por ello, se pretende que los vecinos comprometidos con Rub\u00ed, adem\u00e1s de tener voz en la sociedad municipal a trav\u00e9s de sus distintas asociaciones, tengan voto en sus \u00f3rganos de gobierno, sin estar sujetos a disciplinas o intereses de partidos de \u00e1mbitos supramunicipales. Estos \u00faltimos, abocados al desarrollo de pol\u00edticas nacionales, muchas veces no se involucran todo lo necesario con las realidades locales y pueden en ocasiones dejar de lado los verdaderos intereses de Rub\u00ed y sus vecinos.<\/p>\n<p>Por este motivo apostamos por un cambio radical en el desarrollo de la pol\u00edtica municipal: hay que poner fin a la acumulaci\u00f3n de cargos, limitar sueldos y mandatos, impulsar agendas transparentes y establecer mecanismos efectivos de control de los responsables p\u00fablicos. Queremos un nuevo contrato social entre ciudadan\u00eda y representantes.[\/et_pb_text][\/et_pb_column][et_pb_column type=\u00bb1_2&#8243; _builder_version=\u00bb4.17.0&#8243; _module_preset=\u00bbdefault\u00bb custom_padding=\u00bb||||false|false\u00bb custom_padding_tablet=\u00bb0px||||false|false\u00bb custom_padding_phone=\u00bb\u00bb custom_padding_last_edited=\u00bbon|tablet\u00bb global_colors_info=\u00bb{}\u00bb][et_pb_text _builder_version=\u00bb4.17.0&#8243; _module_preset=\u00bbdefault\u00bb text_font=\u00bbHenjuLight||||||||\u00bb text_text_color=\u00bb#3a3a3a\u00bb text_font_size=\u00bb14pt\u00bb text_line_height=\u00bb21pt\u00bb text_text_color_tablet=\u00bb#3a3a3a\u00bb text_text_color_phone=\u00bb#3a3a3a\u00bb text_text_color_last_edited=\u00bbon|tablet\u00bb text_font_size_tablet=\u00bb14px\u00bb text_font_size_phone=\u00bb14px\u00bb text_font_size_last_edited=\u00bbon|tablet\u00bb global_colors_info=\u00bb{}\u00bb]Por eso impulsamos esta Plataforma ciudadana. Para construir en el futuro una candidatura de vecinos independientes, con vocaci\u00f3n ganadora y de mayor\u00edas. Una candidatura que entusiasme, que tenga presencia en los barrios, en los lugares de trabajo, en el mundo de la cultura, y nos permita transformar las instituciones en beneficio de toda la sociedad.<\/p>\n<p>El reto es dif\u00edcil, pero no cejaremos en el empe\u00f1o de construir un municipio en el que la gesti\u00f3n municipal sea eficiente, transparente, con la participaci\u00f3n de todos los vecinos a trav\u00e9s de sus asociaciones y con tolerancia cero con la corrupci\u00f3n. Las dificultades por la crisis econ\u00f3mica hacen que este reto sea m\u00e1s dif\u00edcil, pero desde la realidad, debemos priorizar el bienestar de los vecinos y potenciar la econom\u00eda local de forma sostenible.<\/p>\n<p>Lamentamos tambi\u00e9n que no se hayan aprovechado los a\u00f1os de bonanza econ\u00f3mica desde el a\u00f1o 1979 para tener un municipio con espacios urbanos dignos, con zonas verdes para uso ciudadano, con pol\u00edgonos industriales adaptados a las necesidades de las empresas que desean instalarse en el municipio, con un impulso del comercio y la econom\u00eda local, algo que s\u00ed han hecho en otros municipios cercanos. El POUM, dise\u00f1ado en \u00e9poca de bonanza, ha permanecido aparcado varios a\u00f1os y hoy necesita una adecuaci\u00f3n a la realidad que vivimos. El POUM no puede ser un cat\u00e1logo de buenas intenciones incumplidas de la Administraci\u00f3n Local, sino un plan realista y acorde a las necesidades y posibilidades actuales, y que proteja nuestro entorno natural.<\/p>\n<p>Tambi\u00e9n lamentamos habernos convertido en un vertedero del Vall\u00e9s gracias a la colaboraci\u00f3n necesaria del poder pol\u00edtico de nuestra ciudad en los a\u00f1os noventa, y que supuso una de las primeras puertas giratorias en Rub\u00ed. Tambi\u00e9n es denunciable que heredemos casi sesenta millones de euros de deuda municipal por una gesti\u00f3n claramente ineficiente.<\/p>\n<p>El Ayuntamiento tiene que apostar por fomentar la cultura y colaborar con las instituciones culturales existentes de forma continuada, habilitando espacios para ello, y  promoviendo el intercambio cultural, puesto que la variedad es fuente de riqueza. Tambi\u00e9n tiene que implicarse en la educaci\u00f3n de las futuras generaciones, al margen de la ense\u00f1anza reglada, por un futuro m\u00e1s c\u00edvico y pr\u00f3spero en el municipio.<\/p>\n<p>Vivimos una \u00e9poca hist\u00f3rica excepcional en lo negativo, y tenemos que tener la valent\u00eda, la creatividad y la capacidad de gesti\u00f3n eficiente de los recursos p\u00fablicos, para transformar esta ciudad y convertirla en un lugar digno para nosotros y las futuras generaciones.[\/et_pb_text][\/et_pb_column][\/et_pb_row][\/et_pb_section]<\/p>\n","protected":false},"excerpt":{"rendered":"<p>ManifiestoManifiestoMANIFIESTO FUNDACIONAL (Marzo de 2015)En los \u00faltimos a\u00f1os, dentro del contexto de crisis econ\u00f3mica que estamos padeciendo, hemos visto como la vieja pol\u00edtica se ha mostrado incapaz de solucionar los problemas m\u00e1s b\u00e1sicos de los ciudadanos, y se ha producido un alejamiento paulatino de los vecinos por parte de la clase pol\u00edtica profesionalizada de nuestros [&hellip;]<\/p>\n","protected":false},"author":1,"featured_media":0,"parent":0,"menu_order":0,"comment_status":"closed","ping_status":"closed","template":"","meta":{"_et_pb_use_builder":"on","_et_pb_old_content":"","_et_gb_content_width":"","inline_featured_image":false,"footnotes":""},"class_list":["post-853","page","type-page","status-publish","hentry"],"yoast_head":"<!-- This site is optimized with the Yoast SEO plugin v18.7 - https:\/\/yoast.com\/wordpress\/plugins\/seo\/ -->\n<title>Manifiesto - Ve\u00efns per Rub\u00ed<\/title>\n<meta name=\"robots\" content=\"index, follow, max-snippet:-1, max-image-preview:large, max-video-preview:-1\" \/>\n<link rel=\"canonical\" href=\"https:\/\/veinsxrubi.org\/es\/manifiesto\/\" \/>\n<meta property=\"og:locale\" content=\"es_ES\" \/>\n<meta property=\"og:type\" content=\"article\" \/>\n<meta property=\"og:title\" content=\"Manifiesto - Ve\u00efns per Rub\u00ed\" \/>\n<meta property=\"og:description\" content=\"ManifiestoManifiestoMANIFIESTO FUNDACIONAL (Marzo de 2015)En los \u00faltimos a\u00f1os, dentro del contexto de crisis econ\u00f3mica que estamos padeciendo, hemos visto como la vieja pol\u00edtica se ha mostrado incapaz de solucionar los problemas m\u00e1s b\u00e1sicos de los ciudadanos, y se ha producido un alejamiento paulatino de los vecinos por parte de la clase pol\u00edtica profesionalizada de nuestros [&hellip;]\" \/>\n<meta property=\"og:url\" content=\"https:\/\/veinsxrubi.org\/es\/manifiesto\/\" \/>\n<meta property=\"og:site_name\" content=\"Ve\u00efns per Rub\u00ed\" \/>\n<meta property=\"article:modified_time\" content=\"2022-04-27T16:05:34+00:00\" \/>\n<meta name=\"twitter:card\" content=\"summary_large_image\" \/>\n<meta name=\"twitter:label1\" content=\"Tiempo de lectura\" \/>\n\t<meta name=\"twitter:data1\" content=\"10 minutos\" \/>\n<script type=\"application\/ld+json\" class=\"yoast-schema-graph\">{\"@context\":\"https:\/\/schema.org\",\"@graph\":[{\"@type\":\"WebSite\",\"@id\":\"https:\/\/veinsxrubi.org\/#website\",\"url\":\"https:\/\/veinsxrubi.org\/\",\"name\":\"Ve\u00efns per Rub\u00ed\",\"description\":\"\",\"potentialAction\":[{\"@type\":\"SearchAction\",\"target\":{\"@type\":\"EntryPoint\",\"urlTemplate\":\"https:\/\/veinsxrubi.org\/?s={search_term_string}\"},\"query-input\":\"required name=search_term_string\"}],\"inLanguage\":\"es\"},{\"@type\":\"WebPage\",\"@id\":\"https:\/\/veinsxrubi.org\/es\/manifiesto\/#webpage\",\"url\":\"https:\/\/veinsxrubi.org\/es\/manifiesto\/\",\"name\":\"Manifiesto - Ve\u00efns per Rub\u00ed\",\"isPartOf\":{\"@id\":\"https:\/\/veinsxrubi.org\/#website\"},\"datePublished\":\"2022-04-12T08:29:14+00:00\",\"dateModified\":\"2022-04-27T16:05:34+00:00\",\"breadcrumb\":{\"@id\":\"https:\/\/veinsxrubi.org\/es\/manifiesto\/#breadcrumb\"},\"inLanguage\":\"es\",\"potentialAction\":[{\"@type\":\"ReadAction\",\"target\":[\"https:\/\/veinsxrubi.org\/es\/manifiesto\/\"]}]},{\"@type\":\"BreadcrumbList\",\"@id\":\"https:\/\/veinsxrubi.org\/es\/manifiesto\/#breadcrumb\",\"itemListElement\":[{\"@type\":\"ListItem\",\"position\":1,\"name\":\"Inici\",\"item\":\"https:\/\/veinsxrubi.org\/es\/\"},{\"@type\":\"ListItem\",\"position\":2,\"name\":\"Manifiesto\"}]}]}<\/script>\n<!-- \/ Yoast SEO plugin. -->","yoast_head_json":{"title":"Manifiesto - Ve\u00efns per Rub\u00ed","robots":{"index":"index","follow":"follow","max-snippet":"max-snippet:-1","max-image-preview":"max-image-preview:large","max-video-preview":"max-video-preview:-1"},"canonical":"https:\/\/veinsxrubi.org\/es\/manifiesto\/","og_locale":"es_ES","og_type":"article","og_title":"Manifiesto - Ve\u00efns per Rub\u00ed","og_description":"ManifiestoManifiestoMANIFIESTO FUNDACIONAL (Marzo de 2015)En los \u00faltimos a\u00f1os, dentro del contexto de crisis econ\u00f3mica que estamos padeciendo, hemos visto como la vieja pol\u00edtica se ha mostrado incapaz de solucionar los problemas m\u00e1s b\u00e1sicos de los ciudadanos, y se ha producido un alejamiento paulatino de los vecinos por parte de la clase pol\u00edtica profesionalizada de nuestros [&hellip;]","og_url":"https:\/\/veinsxrubi.org\/es\/manifiesto\/","og_site_name":"Ve\u00efns per Rub\u00ed","article_modified_time":"2022-04-27T16:05:34+00:00","twitter_card":"summary_large_image","twitter_misc":{"Tiempo de lectura":"10 minutos"},"schema":{"@context":"https:\/\/schema.org","@graph":[{"@type":"WebSite","@id":"https:\/\/veinsxrubi.org\/#website","url":"https:\/\/veinsxrubi.org\/","name":"Ve\u00efns per Rub\u00ed","description":"","potentialAction":[{"@type":"SearchAction","target":{"@type":"EntryPoint","urlTemplate":"https:\/\/veinsxrubi.org\/?s={search_term_string}"},"query-input":"required name=search_term_string"}],"inLanguage":"es"},{"@type":"WebPage","@id":"https:\/\/veinsxrubi.org\/es\/manifiesto\/#webpage","url":"https:\/\/veinsxrubi.org\/es\/manifiesto\/","name":"Manifiesto - Ve\u00efns per Rub\u00ed","isPartOf":{"@id":"https:\/\/veinsxrubi.org\/#website"},"datePublished":"2022-04-12T08:29:14+00:00","dateModified":"2022-04-27T16:05:34+00:00","breadcrumb":{"@id":"https:\/\/veinsxrubi.org\/es\/manifiesto\/#breadcrumb"},"inLanguage":"es","potentialAction":[{"@type":"ReadAction","target":["https:\/\/veinsxrubi.org\/es\/manifiesto\/"]}]},{"@type":"BreadcrumbList","@id":"https:\/\/veinsxrubi.org\/es\/manifiesto\/#breadcrumb","itemListElement":[{"@type":"ListItem","position":1,"name":"Inici","item":"https:\/\/veinsxrubi.org\/es\/"},{"@type":"ListItem","position":2,"name":"Manifiesto"}]}]}},"_links":{"self":[{"href":"https:\/\/veinsxrubi.org\/es\/wp-json\/wp\/v2\/pages\/853","targetHints":{"allow":["GET"]}}],"collection":[{"href":"https:\/\/veinsxrubi.org\/es\/wp-json\/wp\/v2\/pages"}],"about":[{"href":"https:\/\/veinsxrubi.org\/es\/wp-json\/wp\/v2\/types\/page"}],"author":[{"embeddable":true,"href":"https:\/\/veinsxrubi.org\/es\/wp-json\/wp\/v2\/users\/1"}],"replies":[{"embeddable":true,"href":"https:\/\/veinsxrubi.org\/es\/wp-json\/wp\/v2\/comments?post=853"}],"version-history":[{"count":3,"href":"https:\/\/veinsxrubi.org\/es\/wp-json\/wp\/v2\/pages\/853\/revisions"}],"predecessor-version":[{"id":1034,"href":"https:\/\/veinsxrubi.org\/es\/wp-json\/wp\/v2\/pages\/853\/revisions\/1034"}],"wp:attachment":[{"href":"https:\/\/veinsxrubi.org\/es\/wp-json\/wp\/v2\/media?parent=853"}],"curies":[{"name":"wp","href":"https:\/\/api.w.org\/{rel}","templated":true}]}}